{"id":6620,"date":"2020-06-21T23:20:00","date_gmt":"2020-06-21T21:20:00","guid":{"rendered":"http:\/\/staging.anno-union.com\/?page_id=6620"},"modified":"2024-09-04T12:24:01","modified_gmt":"2024-09-04T10:24:01","slug":"games","status":"publish","type":"page","link":"https:\/\/www.anno-union.com\/de\/games\/","title":{"rendered":"Spiele"},"content":{"rendered":"<div class=\"wpb-content-wrapper\"><p>[vc_row][vc_column width=&#8221;1\/12&#8243;][\/vc_column][vc_column width=&#8221;4\/6&#8243;]<div class=\"container\"><div class=\"row\"><div class=\"col-sm-12 breadcrumbs-container\"><\/div><\/div><\/div>\n            <section class=\"studios-games-heading\">\n                <div class=\"container\">\n                    <div class=\"row\">\n                        <div class=\"col-md-8\">\n                            <h2 class=\"h2\">Spiele<\/h2>\n                        <\/div>\n                        <div class=\"col-md-4\">\n                            <p>Egal in welchem Jahr oder in welche Epoche, bei Anno steht immer eines im Vordergrund: anspruchsvolles Strategie-Gameplay in wundersch\u00f6n detaillierten Welten. Reist mit uns auf dieser Seite durch die Geschichte der Anno Serie.<\/p>\n                        <\/div>\n                    <\/div>\n                <\/div>\n          <\/section>[\/vc_column][vc_column width=&#8221;1\/6&#8243;][\/vc_column][\/vc_row][vc_row][vc_column width=&#8221;1\/12&#8243;][\/vc_column][vc_column width=&#8221;5\/6&#8243;]\n\t\t\t\t<section class=\"studios-studio section-padding-top\">\n\t\t\t\t\t<div class=\"container\">\n\t\t\t\t\t\t<div class=\"row align-items-center\">\n\t\t\t\t\t\t\t<div class=\"col-md-4\">\n\t\t\t\t\t\t\t\t<h2 class=\"h2 is-underlined\"><a href=\"https:\/\/www.anno-union.com\/de\/games\/anno-117-pax-romana\/\" title=\"Mehr erfahren\" target=\"\">Anno 117: Pax Romana<\/a><\/h2>\n\t\t\t\t\t\t\t\t<h3 class=\"h4\">2025<\/h3>\n\t\t\t\t\t\t\t\t<p>\n\t\t\t\t\t\t\t\tWillkommen im r\u00f6mischen Reich des Jahres 117 n.Chr. Werdet ihr als Statthalter wirtschaftlichen Aufschwung f\u00f6rdern oder eure Herrschaft mit Gewalt durchsetzen? Eine Rebellion anf\u00fchren oder eine diverse Kultur einen? Der Preis des Friedens liegt bei euch.\n                                <\/p>\n                                <div class=\"text-center text-md-left\">\n                    <a href=\"https:\/\/www.anno-union.com\/de\/games\/anno-117-pax-romana\/\" class=\"button dark\" title=\"Mehr erfahren\" target=\"\"><span>Erfahre mehr<\/span><\/a>\n                <\/div>\n\t\t\t\t\t\t\t<\/div>\n\t\t\t\t\t\t\t<div class=\"col-md-7 offset-md-1 order-first order-md-last\">\n\t\t\t\t\t\t\t\t<a href=\"https:\/\/www.anno-union.com\/de\/games\/anno-117-pax-romana\/\" title=\"Mehr erfahren\" target=\"\"><img decoding=\"async\" src=\"https:\/\/www.anno-union.com\/wp\/wp-content\/uploads\/2024\/06\/AN8_game_page_680x464.webp\" alt=\"Anno 117: Pax Romana\" class=\"img-shadow\" \/><\/a>\n\t\t\t\t\t\t\t<\/div>\n\t\t\t\t\t\t<\/div>\n\t\t\t\t\t<\/div>\n\t\t\t\t<\/section>\n\t\t\t[\/vc_column][\/vc_row][vc_row][vc_column width=&#8221;1\/12&#8243;][\/vc_column][vc_column width=&#8221;5\/6&#8243;]\n\t\t\t\t<section class=\"studios-studio\">\n\t\t\t\t\t<div class=\"container\">\n\t\t\t\t\t\t<div class=\"row align-items-center\">\n\t\t\t\t\t\t\t<div class=\"col-md-7\">\n\t\t\t\t\t\t\t\t<a href=\"https:\/\/www.anno-union.com\/de\/games\/anno-1800\/\" title=\"Learn more\" target=\"\"><img decoding=\"async\" src=\"https:\/\/www.anno-union.com\/wp\/wp-content\/uploads\/2020\/06\/1800_Games_Half.jpg\" alt=\"Anno 1800\" class=\"img-shadow\" \/><\/a>\n\t\t\t\t\t\t\t<\/div>\n\n\t\t\t\t\t\t\t<div class=\"col-md-4 offset-md-1\">\n\t\t\t\t\t\t\t\t<h2 class=\"h2 is-underlined\"><a href=\"https:\/\/www.anno-union.com\/de\/games\/anno-1800\/\" title=\"Learn more\" target=\"\">Anno 1800<\/a><\/h2>\n\t\t\t\t\t\t\t\t<h3 class=\"h4\">16. April 2019<\/h3>\n\t\t\t\t\t\t\t\t<p>\n\t\t\t\t\t\t\t\t\tWillkommen zum Beginn des industriellen Zeitalters. W\u00e4hlt euren Weg und \u00e4ndert damit eure Welt. Seid ihr ein Vision\u00e4r oder ein Ausbeuter? Ein Eroberer oder ein Befreier? Ihr allein entscheidest, wie ihr in die Geschichte eingeht.\n\t\t\t\t\t\t\t\t<\/p>\n\t\t\t\t\t\t\t\t<div class=\"button-group\">\n                           \t    \t<div class=\"text-center text-md-left\">\n                    <a href=\"https:\/\/www.anno-union.com\/de\/games\/anno-1800\/\" class=\"button dark\" title=\"Learn more\" target=\"\"><span>Erfahre mehr<\/span><\/a>\n                <\/div>\n                            \t    \n                            \t<\/div>\n\t\t\t\t\t\t\t<\/div>\n\t\t\t\t\t\t<\/div>\n\t\t\t\t\t<\/div>\n\t\t\t\t<\/section>\n\t\t\t[\/vc_column][\/vc_row][vc_row][vc_column width=&#8221;1\/12&#8243;][\/vc_column][vc_column width=&#8221;5\/6&#8243;]\n\t\t\t\t<section class=\"studios-studio\">\n\t\t\t\t\t<div class=\"container\">\n\t\t\t\t\t\t<div class=\"row align-items-center\">\n\t\t\t\t\t\t\t<div class=\"col-md-4\">\n\t\t\t\t\t\t\t\t<h2 class=\"h2 is-underlined\"><a href=\"https:\/\/www.anno-union.com\/de\/games\/anno-2205\/\" title=\"Learn more\" target=\"\">Anno 2205<\/a><\/h2>\n\t\t\t\t\t\t\t\t<h3 class=\"h4\">3. November 2015<\/h3>\n\t\t\t\t\t\t\t\t<p>\n\t\t\t\t\t\t\t\tAnno 2205 dehnt den St\u00e4dtebau auf den Weltraum aus! Kolonisiere Kontinente auf der Erde, errichte Basen auf dem Mond und baue die Ressourcen des Mondes ab, um deine St\u00e4dte in bl\u00fchende Metropolen zu verwandeln.\n                                <\/p>\n                                <div class=\"text-center text-md-left\">\n                    <a href=\"https:\/\/www.anno-union.com\/de\/games\/anno-2205\/\" class=\"button dark\" title=\"Learn more\" target=\"\"><span>Erfahre mehr<\/span><\/a>\n                <\/div>\n\t\t\t\t\t\t\t<\/div>\n\t\t\t\t\t\t\t<div class=\"col-md-7 offset-md-1 order-first order-md-last\">\n\t\t\t\t\t\t\t\t<a href=\"https:\/\/www.anno-union.com\/de\/games\/anno-2205\/\" title=\"Learn more\" target=\"\"><img decoding=\"async\" src=\"https:\/\/www.anno-union.com\/wp\/wp-content\/uploads\/2023\/06\/anno_2205_keyart.jpg\" alt=\"Anno 2205\" class=\"img-shadow\" \/><\/a>\n\t\t\t\t\t\t\t<\/div>\n\t\t\t\t\t\t<\/div>\n\t\t\t\t\t<\/div>\n\t\t\t\t<\/section>\n\t\t\t[\/vc_column][\/vc_row][vc_row][vc_column width=&#8221;1\/12&#8243;][\/vc_column][vc_column width=&#8221;5\/6&#8243;]\n\t\t\t\t<section class=\"studios-studio\">\n\t\t\t\t\t<div class=\"container\">\n\t\t\t\t\t\t<div class=\"row align-items-center\">\n\t\t\t\t\t\t\t<div class=\"col-md-7\">\n\t\t\t\t\t\t\t\t<a href=\"https:\/\/www.anno-union.com\/de\/games\/anno-2070\/\" title=\"Learn more\" target=\"\"><img decoding=\"async\" src=\"https:\/\/www.anno-union.com\/wp\/wp-content\/uploads\/2023\/02\/anno_2070_keyart.jpg\" alt=\"Anno 2070\" class=\"img-shadow\" \/><\/a>\n\t\t\t\t\t\t\t<\/div>\n\n\t\t\t\t\t\t\t<div class=\"col-md-4 offset-md-1\">\n\t\t\t\t\t\t\t\t<h2 class=\"h2 is-underlined\"><a href=\"https:\/\/www.anno-union.com\/de\/games\/anno-2070\/\" title=\"Learn more\" target=\"\">Anno 2070<\/a><\/h2>\n\t\t\t\t\t\t\t\t<h3 class=\"h4\">17. November 2011<\/h3>\n\t\t\t\t\t\t\t\t<p>\n\t\t\t\t\t\t\t\t\tStelle dich den aktuellen Herausforderungen der Welt, indem du dich entweder f\u00fcr die industriellen und effizienten Tycoons oder die nachhaltigeren und umweltfreundlicheren Ecos entscheidest. Errichte die St\u00e4dte und Industrien von morgen und entdecke die Tiefen des Ozeans.\n\t\t\t\t\t\t\t\t<\/p>\n\t\t\t\t\t\t\t\t<div class=\"button-group\">\n                           \t    \t<div class=\"text-center text-md-left\">\n                    <a href=\"https:\/\/www.anno-union.com\/de\/games\/anno-2070\/\" class=\"button dark\" title=\"Learn more\" target=\"\"><span>Erfahre mehr<\/span><\/a>\n                <\/div>\n                            \t    \n                            \t<\/div>\n\t\t\t\t\t\t\t<\/div>\n\t\t\t\t\t\t<\/div>\n\t\t\t\t\t<\/div>\n\t\t\t\t<\/section>\n\t\t\t[\/vc_column][\/vc_row][vc_row][vc_column width=&#8221;1\/12&#8243;][\/vc_column][vc_column width=&#8221;5\/6&#8243;]\n\t\t\t\t<section class=\"studios-studio\">\n\t\t\t\t\t<div class=\"container\">\n\t\t\t\t\t\t<div class=\"row align-items-center\">\n\t\t\t\t\t\t\t<div class=\"col-md-4\">\n\t\t\t\t\t\t\t\t<h2 class=\"h2 is-underlined\"><a href=\"https:\/\/www.anno-union.com\/de\/games\/anno-history-collection\/\" title=\"Learn more\" target=\"\">Anno History Collection<\/a><\/h2>\n\t\t\t\t\t\t\t\t<h3 class=\"h4\">25. Juni 2020<\/h3>\n\t\t\t\t\t\t\t\t<p>\n\t\t\t\t\t\t\t\tEntdeckt die ersten vier klassischen Anno Spiele noch einmal, und dank Updates f\u00fcr moderne PCs besser als je zuvor. Enth\u00e4lt die History Edition Versionen von Anno 1602, 1503, 1701 und 1404, sowie ihre jeweilige Erweiterung.\n                                <\/p>\n                                <div class=\"text-center text-md-left\">\n                    <a href=\"https:\/\/www.anno-union.com\/de\/games\/anno-history-collection\/\" class=\"button dark\" title=\"Learn more\" target=\"\"><span>Erfahre mehr<\/span><\/a>\n                <\/div>\n\t\t\t\t\t\t\t<\/div>\n\t\t\t\t\t\t\t<div class=\"col-md-7 offset-md-1 order-first order-md-last\">\n\t\t\t\t\t\t\t\t<a href=\"https:\/\/www.anno-union.com\/de\/games\/anno-history-collection\/\" title=\"Learn more\" target=\"\"><img decoding=\"async\" src=\"https:\/\/www.anno-union.com\/wp\/wp-content\/uploads\/2020\/06\/History_Half-1.jpg\" alt=\"Anno History Collection\" class=\"img-shadow\" \/><\/a>\n\t\t\t\t\t\t\t<\/div>\n\t\t\t\t\t\t<\/div>\n\t\t\t\t\t<\/div>\n\t\t\t\t<\/section>\n\t\t\t[\/vc_column][\/vc_row][vc_row][vc_column width=&#8221;1\/12&#8243;][\/vc_column][vc_column width=&#8221;5\/6&#8243;]\n\t\t\t\t<section class=\"studios-studio\">\n\t\t\t\t\t<div class=\"container\">\n\t\t\t\t\t\t<div class=\"row align-items-center\">\n\t\t\t\t\t\t\t<div class=\"col-md-7\">\n\t\t\t\t\t\t\t\t<a href=\"https:\/\/www.anno-union.com\/de\/games\/anno-1404-history-edition\/\" title=\"Learn more\" target=\"\"><img decoding=\"async\" src=\"https:\/\/www.anno-union.com\/wp\/wp-content\/uploads\/2020\/06\/1404_History_Half-1.jpg\" alt=\"Anno 1404 History Edition\" class=\"img-shadow\" \/><\/a>\n\t\t\t\t\t\t\t<\/div>\n\n\t\t\t\t\t\t\t<div class=\"col-md-4 offset-md-1\">\n\t\t\t\t\t\t\t\t<h2 class=\"h2 is-underlined\"><a href=\"https:\/\/www.anno-union.com\/de\/games\/anno-1404-history-edition\/\" title=\"Learn more\" target=\"\">Anno 1404 History Edition<\/a><\/h2>\n\t\t\t\t\t\t\t\t<h3 class=\"h4\">25. Juni 2020<\/h3>\n\t\t\t\t\t\t\t\t<p>\n\t\t\t\t\t\t\t\t\tDie History Edition updatet Anno 1404 f\u00fcr moderne PCs, und macht es damit einfacher als je zuvor diesen Strategie-Klassiker zu genie\u00dfen.\n\t\t\t\t\t\t\t\t<\/p>\n\t\t\t\t\t\t\t\t<div class=\"button-group\">\n                           \t    \t<div class=\"text-center text-md-left\">\n                    <a href=\"https:\/\/www.anno-union.com\/de\/games\/anno-1404-history-edition\/\" class=\"button dark\" title=\"Learn more\" target=\"\"><span>Erfahre mehr<\/span><\/a>\n                <\/div>\n                            \t    \n                            \t<\/div>\n\t\t\t\t\t\t\t<\/div>\n\t\t\t\t\t\t<\/div>\n\t\t\t\t\t<\/div>\n\t\t\t\t<\/section>\n\t\t\t[\/vc_column][\/vc_row][vc_row][vc_column width=&#8221;1\/12&#8243;][\/vc_column][vc_column width=&#8221;5\/6&#8243;]\n\t\t\t\t<section class=\"studios-studio\">\n\t\t\t\t\t<div class=\"container\">\n\t\t\t\t\t\t<div class=\"row align-items-center\">\n\t\t\t\t\t\t\t<div class=\"col-md-4\">\n\t\t\t\t\t\t\t\t<h2 class=\"h2 is-underlined\"><a href=\"https:\/\/www.anno-union.com\/de\/games\/anno-1701-history-edition\/\" title=\"Anno 1701 History Edition\" target=\"\">Anno 1701 History Edition<\/a><\/h2>\n\t\t\t\t\t\t\t\t<h3 class=\"h4\">25. Juni 2020<\/h3>\n\t\t\t\t\t\t\t\t<p>\n\t\t\t\t\t\t\t\tLasst Annos transformativen Schritt in die dritte Dimension noch einmal aufleben mit der Anno History Edition, die das Spiel f\u00fcr moderne Computer updatet.\n                                <\/p>\n                                <div class=\"text-center text-md-left\">\n                    <a href=\"https:\/\/www.anno-union.com\/de\/games\/anno-1701-history-edition\/\" class=\"button dark\" title=\"Anno 1701 History Edition\" target=\"\"><span>Erfahre mehr<\/span><\/a>\n                <\/div>\n\t\t\t\t\t\t\t<\/div>\n\t\t\t\t\t\t\t<div class=\"col-md-7 offset-md-1 order-first order-md-last\">\n\t\t\t\t\t\t\t\t<a href=\"https:\/\/www.anno-union.com\/de\/games\/anno-1701-history-edition\/\" title=\"Anno 1701 History Edition\" target=\"\"><img decoding=\"async\" src=\"https:\/\/www.anno-union.com\/wp\/wp-content\/uploads\/2020\/06\/1701_History_Half-1.jpg\" alt=\"Anno 1701 History Edition\" class=\"img-shadow\" \/><\/a>\n\t\t\t\t\t\t\t<\/div>\n\t\t\t\t\t\t<\/div>\n\t\t\t\t\t<\/div>\n\t\t\t\t<\/section>\n\t\t\t[\/vc_column][\/vc_row][vc_row][vc_column width=&#8221;1\/12&#8243;][\/vc_column][vc_column width=&#8221;5\/6&#8243;]\n\t\t\t\t<section class=\"studios-studio\">\n\t\t\t\t\t<div class=\"container\">\n\t\t\t\t\t\t<div class=\"row align-items-center\">\n\t\t\t\t\t\t\t<div class=\"col-md-7\">\n\t\t\t\t\t\t\t\t<a href=\"https:\/\/www.anno-union.com\/de\/games\/anno-1503-history-edition\/\" title=\"Anno 1701 History Edition\" target=\"\"><img decoding=\"async\" src=\"https:\/\/www.anno-union.com\/wp\/wp-content\/uploads\/2020\/06\/1503_History_Half-1.jpg\" alt=\"Anno 1503 History Edition\" class=\"img-shadow\" \/><\/a>\n\t\t\t\t\t\t\t<\/div>\n\n\t\t\t\t\t\t\t<div class=\"col-md-4 offset-md-1\">\n\t\t\t\t\t\t\t\t<h2 class=\"h2 is-underlined\"><a href=\"https:\/\/www.anno-union.com\/de\/games\/anno-1503-history-edition\/\" title=\"Anno 1701 History Edition\" target=\"\">Anno 1503 History Edition<\/a><\/h2>\n\t\t\t\t\t\t\t\t<h3 class=\"h4\">25. Juni 2020<\/h3>\n\t\t\t\t\t\t\t\t<p>\n\t\t\t\t\t\t\t\t\tGenie\u00dft endlich Anno 1503's lange verschollenen Mehrspielermodus dank der History Edition, die das Spiel f\u00fcr moderne Computer updatet.\n\t\t\t\t\t\t\t\t<\/p>\n\t\t\t\t\t\t\t\t<div class=\"button-group\">\n                           \t    \t<div class=\"text-center text-md-left\">\n                    <a href=\"https:\/\/www.anno-union.com\/de\/games\/anno-1503-history-edition\/\" class=\"button dark\" title=\"Anno 1701 History Edition\" target=\"\"><span>Erfahre mehr<\/span><\/a>\n                <\/div>\n                            \t    \n                            \t<\/div>\n\t\t\t\t\t\t\t<\/div>\n\t\t\t\t\t\t<\/div>\n\t\t\t\t\t<\/div>\n\t\t\t\t<\/section>\n\t\t\t[\/vc_column][\/vc_row][vc_row][vc_column width=&#8221;1\/12&#8243;][\/vc_column][vc_column width=&#8221;5\/6&#8243;]\n\t\t\t\t<section class=\"studios-studio\">\n\t\t\t\t\t<div class=\"container\">\n\t\t\t\t\t\t<div class=\"row align-items-center\">\n\t\t\t\t\t\t\t<div class=\"col-md-4\">\n\t\t\t\t\t\t\t\t<h2 class=\"h2 is-underlined\"><a href=\"https:\/\/www.anno-union.com\/de\/games\/anno-1602-history-edition\/\" title=\"Anno 1701 History Edition\" target=\"\">Anno 1602 History Edition<\/a><\/h2>\n\t\t\t\t\t\t\t\t<h3 class=\"h4\">25. Juni 2020<\/h3>\n\t\t\t\t\t\t\t\t<p>\n\t\t\t\t\t\t\t\tEntdeckt wie alles einst began mit der Anno 1602 History Edition, die den Grundstein der Anno Serie f\u00fcr moderne Computer updatet.\n                                <\/p>\n                                <div class=\"text-center text-md-left\">\n                    <a href=\"https:\/\/www.anno-union.com\/de\/games\/anno-1602-history-edition\/\" class=\"button dark\" title=\"Anno 1701 History Edition\" target=\"\"><span>Erfahre mehr<\/span><\/a>\n                <\/div>\n\t\t\t\t\t\t\t<\/div>\n\t\t\t\t\t\t\t<div class=\"col-md-7 offset-md-1 order-first order-md-last\">\n\t\t\t\t\t\t\t\t<a href=\"https:\/\/www.anno-union.com\/de\/games\/anno-1602-history-edition\/\" title=\"Anno 1701 History Edition\" target=\"\"><img decoding=\"async\" src=\"https:\/\/www.anno-union.com\/wp\/wp-content\/uploads\/2020\/06\/1602_History_Half-1.jpg\" alt=\"Anno 1602 History Edition\" class=\"img-shadow\" \/><\/a>\n\t\t\t\t\t\t\t<\/div>\n\t\t\t\t\t\t<\/div>\n\t\t\t\t\t<\/div>\n\t\t\t\t<\/section>\n\t\t\t[\/vc_column][\/vc_row]<\/p>\n<\/div>","protected":false},"excerpt":{"rendered":"<p>[vc_row][vc_column width=&#8221;1\/12&#8243;][\/vc_column][vc_column width=&#8221;4\/6&#8243;][\/vc_column][vc_column width=&#8221;1\/6&#8243;][\/vc_column][\/vc_row][vc_row][vc_column width=&#8221;1\/12&#8243;][\/vc_column][vc_column width=&#8221;5\/6&#8243;][\/vc_column][\/vc_row][vc_row][vc_column width=&#8221;1\/12&#8243;][\/vc_column][vc_column width=&#8221;5\/6&#8243;][\/vc_column][\/vc_row][vc_row][vc_column width=&#8221;1\/12&#8243;][\/vc_column][vc_column width=&#8221;5\/6&#8243;][\/vc_column][\/vc_row][vc_row][vc_column width=&#8221;1\/12&#8243;][\/vc_column][vc_column width=&#8221;5\/6&#8243;][\/vc_column][\/vc_row][vc_row][vc_column width=&#8221;1\/12&#8243;][\/vc_column][vc_column width=&#8221;5\/6&#8243;][\/vc_column][\/vc_row][vc_row][vc_column width=&#8221;1\/12&#8243;][\/vc_column][vc_column width=&#8221;5\/6&#8243;][\/vc_column][\/vc_row][vc_row][vc_column width=&#8221;1\/12&#8243;][\/vc_column][vc_column width=&#8221;5\/6&#8243;][\/vc_column][\/vc_row][vc_row][vc_column width=&#8221;1\/12&#8243;][\/vc_column][vc_column width=&#8221;5\/6&#8243;][\/vc_column][\/vc_row][vc_row][vc_column width=&#8221;1\/12&#8243;][\/vc_column][vc_column width=&#8221;5\/6&#8243;][\/vc_column][\/vc_row]<\/p>\n","protected":false},"author":229950,"featured_media":0,"parent":0,"menu_order":0,"comment_status":"closed","ping_status":"closed","template":"","meta":{"_acf_changed":false,"footnotes":""},"acf":[],"yoast_head":"<!-- This site is optimized with the Yoast SEO Premium plugin v22.8 (Yoast SEO v22.8) - https:\/\/yoast.com\/wordpress\/plugins\/seo\/ -->\n<title>Spiele - Anno Union<\/title>\n<meta name=\"robots\" content=\"index, follow, max-snippet:-1, max-image-preview:large, max-video-preview:-1\" \/>\n<link rel=\"canonical\" href=\"https:\/\/www.anno-union.com\/de\/games\/\" \/>\n<meta property=\"og:locale\" content=\"de_DE\" \/>\n<meta property=\"og:type\" content=\"article\" \/>\n<meta property=\"og:title\" content=\"Spiele\" \/>\n<meta property=\"og:description\" content=\"[vc_row][vc_column width=&#8221;1\/12&#8243;][\/vc_column][vc_column width=&#8221;4\/6&#8243;][\/vc_column][vc_column width=&#8221;1\/6&#8243;][\/vc_column][\/vc_row][vc_row][vc_column width=&#8221;1\/12&#8243;][\/vc_column][vc_column width=&#8221;5\/6&#8243;][\/vc_column][\/vc_row][vc_row][vc_column width=&#8221;1\/12&#8243;][\/vc_column][vc_column width=&#8221;5\/6&#8243;][\/vc_column][\/vc_row][vc_row][vc_column width=&#8221;1\/12&#8243;][\/vc_column][vc_column width=&#8221;5\/6&#8243;][\/vc_column][\/vc_row][vc_row][vc_column width=&#8221;1\/12&#8243;][\/vc_column][vc_column width=&#8221;5\/6&#8243;][\/vc_column][\/vc_row][vc_row][vc_column width=&#8221;1\/12&#8243;][\/vc_column][vc_column width=&#8221;5\/6&#8243;][\/vc_column][\/vc_row][vc_row][vc_column width=&#8221;1\/12&#8243;][\/vc_column][vc_column width=&#8221;5\/6&#8243;][\/vc_column][\/vc_row][vc_row][vc_column width=&#8221;1\/12&#8243;][\/vc_column][vc_column width=&#8221;5\/6&#8243;][\/vc_column][\/vc_row][vc_row][vc_column width=&#8221;1\/12&#8243;][\/vc_column][vc_column width=&#8221;5\/6&#8243;][\/vc_column][\/vc_row][vc_row][vc_column width=&#8221;1\/12&#8243;][\/vc_column][vc_column width=&#8221;5\/6&#8243;][\/vc_column][\/vc_row]\" \/>\n<meta property=\"og:url\" content=\"https:\/\/www.anno-union.com\/de\/games\/\" \/>\n<meta property=\"og:site_name\" content=\"Anno Union\" \/>\n<meta property=\"article:modified_time\" content=\"2024-09-04T10:24:01+00:00\" \/>\n<meta name=\"twitter:card\" content=\"summary_large_image\" \/>\n<meta name=\"twitter:label1\" content=\"Est. reading time\" \/>\n\t<meta name=\"twitter:data1\" content=\"4 minutes\" \/>\n<script type=\"application\/ld+json\" class=\"yoast-schema-graph\">{\"@context\":\"https:\/\/schema.org\",\"@graph\":[{\"@type\":\"WebPage\",\"@id\":\"https:\/\/www.anno-union.com\/de\/games\/\",\"url\":\"https:\/\/www.anno-union.com\/de\/games\/\",\"name\":\"Spiele - Anno Union\",\"isPartOf\":{\"@id\":\"https:\/\/www.anno-union.com\/#website\"},\"datePublished\":\"2020-06-21T21:20:00+00:00\",\"dateModified\":\"2024-09-04T10:24:01+00:00\",\"breadcrumb\":{\"@id\":\"https:\/\/www.anno-union.com\/de\/games\/#breadcrumb\"},\"inLanguage\":\"de-DE\",\"potentialAction\":[{\"@type\":\"ReadAction\",\"target\":[\"https:\/\/www.anno-union.com\/de\/games\/\"]}]},{\"@type\":\"BreadcrumbList\",\"@id\":\"https:\/\/www.anno-union.com\/de\/games\/#breadcrumb\",\"itemListElement\":[{\"@type\":\"ListItem\",\"position\":1,\"name\":\"Startseite\",\"item\":\"https:\/\/www.anno-union.com\/de\/\"},{\"@type\":\"ListItem\",\"position\":2,\"name\":\"Spiele\"}]},{\"@type\":\"WebSite\",\"@id\":\"https:\/\/www.anno-union.com\/#website\",\"url\":\"https:\/\/www.anno-union.com\/\",\"name\":\"Anno Union\",\"description\":\"\",\"potentialAction\":[{\"@type\":\"SearchAction\",\"target\":{\"@type\":\"EntryPoint\",\"urlTemplate\":\"https:\/\/www.anno-union.com\/?s={search_term_string}\"},\"query-input\":\"required name=search_term_string\"}],\"inLanguage\":\"de-DE\"}]}<\/script>\n<!-- \/ Yoast SEO Premium plugin. -->","yoast_head_json":{"title":"Spiele - Anno Union","robots":{"index":"index","follow":"follow","max-snippet":"max-snippet:-1","max-image-preview":"max-image-preview:large","max-video-preview":"max-video-preview:-1"},"canonical":"https:\/\/www.anno-union.com\/de\/games\/","og_locale":"de_DE","og_type":"article","og_title":"Spiele","og_description":"[vc_row][vc_column width=&#8221;1\/12&#8243;][\/vc_column][vc_column width=&#8221;4\/6&#8243;][\/vc_column][vc_column width=&#8221;1\/6&#8243;][\/vc_column][\/vc_row][vc_row][vc_column width=&#8221;1\/12&#8243;][\/vc_column][vc_column width=&#8221;5\/6&#8243;][\/vc_column][\/vc_row][vc_row][vc_column width=&#8221;1\/12&#8243;][\/vc_column][vc_column width=&#8221;5\/6&#8243;][\/vc_column][\/vc_row][vc_row][vc_column width=&#8221;1\/12&#8243;][\/vc_column][vc_column width=&#8221;5\/6&#8243;][\/vc_column][\/vc_row][vc_row][vc_column width=&#8221;1\/12&#8243;][\/vc_column][vc_column width=&#8221;5\/6&#8243;][\/vc_column][\/vc_row][vc_row][vc_column width=&#8221;1\/12&#8243;][\/vc_column][vc_column width=&#8221;5\/6&#8243;][\/vc_column][\/vc_row][vc_row][vc_column width=&#8221;1\/12&#8243;][\/vc_column][vc_column width=&#8221;5\/6&#8243;][\/vc_column][\/vc_row][vc_row][vc_column width=&#8221;1\/12&#8243;][\/vc_column][vc_column width=&#8221;5\/6&#8243;][\/vc_column][\/vc_row][vc_row][vc_column width=&#8221;1\/12&#8243;][\/vc_column][vc_column width=&#8221;5\/6&#8243;][\/vc_column][\/vc_row][vc_row][vc_column width=&#8221;1\/12&#8243;][\/vc_column][vc_column width=&#8221;5\/6&#8243;][\/vc_column][\/vc_row]","og_url":"https:\/\/www.anno-union.com\/de\/games\/","og_site_name":"Anno Union","article_modified_time":"2024-09-04T10:24:01+00:00","twitter_card":"summary_large_image","twitter_misc":{"Est. reading time":"4 minutes"},"schema":{"@context":"https:\/\/schema.org","@graph":[{"@type":"WebPage","@id":"https:\/\/www.anno-union.com\/de\/games\/","url":"https:\/\/www.anno-union.com\/de\/games\/","name":"Spiele - Anno Union","isPartOf":{"@id":"https:\/\/www.anno-union.com\/#website"},"datePublished":"2020-06-21T21:20:00+00:00","dateModified":"2024-09-04T10:24:01+00:00","breadcrumb":{"@id":"https:\/\/www.anno-union.com\/de\/games\/#breadcrumb"},"inLanguage":"de-DE","potentialAction":[{"@type":"ReadAction","target":["https:\/\/www.anno-union.com\/de\/games\/"]}]},{"@type":"BreadcrumbList","@id":"https:\/\/www.anno-union.com\/de\/games\/#breadcrumb","itemListElement":[{"@type":"ListItem","position":1,"name":"Startseite","item":"https:\/\/www.anno-union.com\/de\/"},{"@type":"ListItem","position":2,"name":"Spiele"}]},{"@type":"WebSite","@id":"https:\/\/www.anno-union.com\/#website","url":"https:\/\/www.anno-union.com\/","name":"Anno Union","description":"","potentialAction":[{"@type":"SearchAction","target":{"@type":"EntryPoint","urlTemplate":"https:\/\/www.anno-union.com\/?s={search_term_string}"},"query-input":"required name=search_term_string"}],"inLanguage":"de-DE"}]}},"_links":{"self":[{"href":"https:\/\/www.anno-union.com\/de\/wp-json\/wp\/v2\/pages\/6620"}],"collection":[{"href":"https:\/\/www.anno-union.com\/de\/wp-json\/wp\/v2\/pages"}],"about":[{"href":"https:\/\/www.anno-union.com\/de\/wp-json\/wp\/v2\/types\/page"}],"author":[{"embeddable":true,"href":"https:\/\/www.anno-union.com\/de\/wp-json\/wp\/v2\/users\/229950"}],"replies":[{"embeddable":true,"href":"https:\/\/www.anno-union.com\/de\/wp-json\/wp\/v2\/comments?post=6620"}],"version-history":[{"count":2,"href":"https:\/\/www.anno-union.com\/de\/wp-json\/wp\/v2\/pages\/6620\/revisions"}],"predecessor-version":[{"id":19804,"href":"https:\/\/www.anno-union.com\/de\/wp-json\/wp\/v2\/pages\/6620\/revisions\/19804"}],"wp:attachment":[{"href":"https:\/\/www.anno-union.com\/de\/wp-json\/wp\/v2\/media?parent=6620"}],"curies":[{"name":"wp","href":"https:\/\/api.w.org\/{rel}","templated":true}]}}