{"id":435,"date":"2017-08-14T19:00:59","date_gmt":"2017-08-14T17:00:59","guid":{"rendered":"http:\/\/staging.anno-union.com\/?page_id=435"},"modified":"2023-11-21T10:49:04","modified_gmt":"2023-11-21T09:49:04","slug":"impressum-kontakt","status":"publish","type":"page","link":"https:\/\/www.anno-union.com\/de\/impressum-kontakt\/","title":{"rendered":"Impressum \/ Kontakt"},"content":{"rendered":"<div class=\"wpb-content-wrapper\"><p>[vc_row content_placement=&#8221;top&#8221;][vc_column width=&#8221;1\/12&#8243;][\/vc_column][vc_column width=&#8221;4\/6&#8243;][vc_column_text]<\/p>\n<h2>Impressum \/ Kontakt<\/h2>\n<p><strong>UBISOFT KUNDENDIENST<br \/>\n<\/strong>Bitte sendet keine Emails mit technischen Fragen \u00fcber unsere Produkte an die E-Mail Adresse unseres Ubisoft Kundendienst. Diese werden ohne Beantwortung gel\u00f6scht. Antworten auf technische Fragen oder Spielhilfe findet Ihr auf der Seite unseres Kundendienstes: <a href=\"https:\/\/support.ubi.com\/anno1800\">https:\/\/support.ubi.com\/anno1800<\/a>.<\/p>\n<p><strong>ANSCHRIFT<br \/>\n<\/strong>Ubisoft Blue Byte GmbH<br \/>\nLuise-Rainer-Stra\u00dfe 7<br \/>\n40235 D\u00fcsseldorf<br \/>\n(0211) 5408 9580<\/p>\n<p><strong>SITZ DER GESELLSCHAFT<br \/>\n<\/strong>D\u00fcsseldorf<br \/>\nAmtsgericht D\u00fcsseldorf HRB Nr. 51772<br \/>\nUSt-IdNr.: DE243105608Bitte beachten Sie, dass eingeschickte Software an die obige Adresse nicht bearbeitet werden kann. Bitte kontaktieren Sie ausschlie\u00dflich Ihren H\u00e4ndler oder unseren Kundendienst. Oben genannte Rufnummern dienen ausschlie\u00dflich als Kontakt zu unserem Vertrieb, Marketing, Public Relations, Personalfragen und Special Business.<\/p>\n<p><strong>JUGENDSCHUTZBEAUFTRAGTER gem. \u00a77 JMSTV:<\/strong><br \/>\nMarc Homayoun Pour<br \/>\nE-Mail:<a href=\"jugendschutz.deutschland@ubisoft.com\"> jugendschutz.deutschland@ubisoft.com<\/a><br \/>\nDie Ubisoft Blue Byte GmbH ist Mitglied der Unterhaltungssoftware Selbstkontrolle<br \/>\n<a href=\"https:\/\/www.usk.de\/Mitglieder\/\" rel=\"noopener noreferrer\"><img loading=\"lazy\" decoding=\"async\" class=\"alignnone wp-image-714 size-full\" src=\"https:\/\/www.anno-union.com\/\/content\/uploads\/2017\/08\/uskjugendschutz90.png\" alt=\"USK Jugendschutz\" width=\"90\" height=\"90\" \/><\/a><\/p>\n<p><strong>DATENSCHUTZBEAUFTRAGTER<\/strong><br \/>\nChristoph Safferling<br \/>\nE-Mail: <a>datenschutz@bluebyte.de<\/a><\/p>\n<p><strong>KONTAKT<\/strong><br \/>\nE-Mail: <a>info@bluebyte.de<\/a><\/p>\n<p><strong>NUTZUNGSBEDINGUNGEN<\/strong><br \/>\n<a href=\"https:\/\/legal.ubi.com\/termsofuse\/de-DE\" target=\"_blank\" rel=\"noopener noreferrer\">https:\/\/legal.ubi.com\/termsofuse\/de-DE<\/a><\/p>\n<p><strong>DATENSCHUTZERKL\u00c4RUNG<\/strong><br \/>\n<a href=\"https:\/\/legal.ubi.com\/privacypolicy\/de-DE\" target=\"_blank\" rel=\"noopener noreferrer\">https:\/\/legal.ubi.com\/privacypolicy\/de-DE<\/a><\/p>\n<p>Wichtiger Hinweis: Bitte schicken Sie keine Mails mit technischen Fragen zu unseren Produkten an diese Mailadresse. Diese werden nicht beantwortet und umgehend gel\u00f6scht. Bitte wenden Sie sich bei allen technischen Anfragen und Probleml\u00f6sungen an unseren Kundensupport \u00fcber unser Support-Center: <a href=\"https:\/\/support.de.ubi.com\/\" target=\"_blank\" rel=\"noopener noreferrer\">https:\/\/support.de.ubi.com\/<\/a><\/p>\n<p><strong>GESCH\u00c4FTSF\u00dcHRER<\/strong><br \/>\nYves Guillemot<\/p>\n<p>\u00a9 2019 Ubisoft Entertainment. All Rights Reserved. Ubisoft and the Ubisoft logo are registered or unregistered trademarks of Ubisoft Entertainment in the U.S. and\/or other countries.<\/p>\n<p>[\/vc_column_text][\/vc_column][vc_column width=&#8221;1\/6&#8243;][\/vc_column][vc_column][vc_row_inner][vc_column_inner][\/vc_column_inner][\/vc_row_inner][\/vc_column][\/vc_row]<\/p>\n<\/div>","protected":false},"excerpt":{"rendered":"<p>[vc_row content_placement=&#8221;top&#8221;][vc_column width=&#8221;1\/12&#8243;][\/vc_column][vc_column width=&#8221;4\/6&#8243;][vc_column_text] Impressum \/ Kontakt UBISOFT KUNDENDIENST Bitte sendet keine Emails mit technischen Fragen \u00fcber unsere Produkte an die E-Mail Adresse unseres Ubisoft Kundendienst. Diese werden ohne Beantwortung gel\u00f6scht. Antworten auf technische Fragen oder Spielhilfe findet Ihr auf der Seite unseres Kundendienstes: https:\/\/support.ubi.com\/anno1800. ANSCHRIFT Ubisoft Blue Byte GmbH Luise-Rainer-Stra\u00dfe 7 40235 D\u00fcsseldorf (0211) [&hellip;]<\/p>\n","protected":false},"author":1,"featured_media":0,"parent":0,"menu_order":100,"comment_status":"closed","ping_status":"closed","template":"","meta":{"_acf_changed":false,"footnotes":""},"acf":[],"yoast_head":"<!-- This site is optimized with the Yoast SEO Premium plugin v22.8 (Yoast SEO v22.8) - https:\/\/yoast.com\/wordpress\/plugins\/seo\/ -->\n<title>Impressum \/ Kontakt - Anno Union<\/title>\n<meta name=\"robots\" content=\"index, follow, max-snippet:-1, max-image-preview:large, max-video-preview:-1\" \/>\n<link rel=\"canonical\" href=\"https:\/\/www.anno-union.com\/de\/impressum-kontakt\/\" \/>\n<meta property=\"og:locale\" content=\"de_DE\" \/>\n<meta property=\"og:type\" content=\"article\" \/>\n<meta property=\"og:title\" content=\"Impressum \/ Kontakt\" \/>\n<meta property=\"og:description\" content=\"[vc_row content_placement=&#8221;top&#8221;][vc_column width=&#8221;1\/12&#8243;][\/vc_column][vc_column width=&#8221;4\/6&#8243;][vc_column_text] Impressum \/ Kontakt UBISOFT KUNDENDIENST Bitte sendet keine Emails mit technischen Fragen \u00fcber unsere Produkte an die E-Mail Adresse unseres Ubisoft Kundendienst. Diese werden ohne Beantwortung gel\u00f6scht. Antworten auf technische Fragen oder Spielhilfe findet Ihr auf der Seite unseres Kundendienstes: https:\/\/support.ubi.com\/anno1800. ANSCHRIFT Ubisoft Blue Byte GmbH Luise-Rainer-Stra\u00dfe 7 40235 D\u00fcsseldorf (0211) [&hellip;]\" \/>\n<meta property=\"og:url\" content=\"https:\/\/www.anno-union.com\/de\/impressum-kontakt\/\" \/>\n<meta property=\"og:site_name\" content=\"Anno Union\" \/>\n<meta property=\"article:modified_time\" content=\"2023-11-21T09:49:04+00:00\" \/>\n<meta property=\"og:image\" content=\"https:\/\/www.anno-union.com\/\/content\/uploads\/2017\/08\/uskjugendschutz90.png\" \/>\n<meta name=\"twitter:card\" content=\"summary_large_image\" \/>\n<meta name=\"twitter:label1\" content=\"Est. reading time\" \/>\n\t<meta name=\"twitter:data1\" content=\"2 minutes\" \/>\n<script type=\"application\/ld+json\" class=\"yoast-schema-graph\">{\"@context\":\"https:\/\/schema.org\",\"@graph\":[{\"@type\":\"WebPage\",\"@id\":\"https:\/\/www.anno-union.com\/de\/impressum-kontakt\/\",\"url\":\"https:\/\/www.anno-union.com\/de\/impressum-kontakt\/\",\"name\":\"Impressum \/ Kontakt - Anno Union\",\"isPartOf\":{\"@id\":\"https:\/\/www.anno-union.com\/#website\"},\"primaryImageOfPage\":{\"@id\":\"https:\/\/www.anno-union.com\/de\/impressum-kontakt\/#primaryimage\"},\"image\":{\"@id\":\"https:\/\/www.anno-union.com\/de\/impressum-kontakt\/#primaryimage\"},\"thumbnailUrl\":\"https:\/\/www.anno-union.com\/\/content\/uploads\/2017\/08\/uskjugendschutz90.png\",\"datePublished\":\"2017-08-14T17:00:59+00:00\",\"dateModified\":\"2023-11-21T09:49:04+00:00\",\"breadcrumb\":{\"@id\":\"https:\/\/www.anno-union.com\/de\/impressum-kontakt\/#breadcrumb\"},\"inLanguage\":\"de-DE\",\"potentialAction\":[{\"@type\":\"ReadAction\",\"target\":[\"https:\/\/www.anno-union.com\/de\/impressum-kontakt\/\"]}]},{\"@type\":\"ImageObject\",\"inLanguage\":\"de-DE\",\"@id\":\"https:\/\/www.anno-union.com\/de\/impressum-kontakt\/#primaryimage\",\"url\":\"https:\/\/www.anno-union.com\/\/content\/uploads\/2017\/08\/uskjugendschutz90.png\",\"contentUrl\":\"https:\/\/www.anno-union.com\/\/content\/uploads\/2017\/08\/uskjugendschutz90.png\"},{\"@type\":\"BreadcrumbList\",\"@id\":\"https:\/\/www.anno-union.com\/de\/impressum-kontakt\/#breadcrumb\",\"itemListElement\":[{\"@type\":\"ListItem\",\"position\":1,\"name\":\"Startseite\",\"item\":\"https:\/\/www.anno-union.com\/de\/\"},{\"@type\":\"ListItem\",\"position\":2,\"name\":\"Impressum \/ Kontakt\"}]},{\"@type\":\"WebSite\",\"@id\":\"https:\/\/www.anno-union.com\/#website\",\"url\":\"https:\/\/www.anno-union.com\/\",\"name\":\"Anno Union\",\"description\":\"\",\"potentialAction\":[{\"@type\":\"SearchAction\",\"target\":{\"@type\":\"EntryPoint\",\"urlTemplate\":\"https:\/\/www.anno-union.com\/?s={search_term_string}\"},\"query-input\":\"required name=search_term_string\"}],\"inLanguage\":\"de-DE\"}]}<\/script>\n<!-- \/ Yoast SEO Premium plugin. -->","yoast_head_json":{"title":"Impressum \/ Kontakt - Anno Union","robots":{"index":"index","follow":"follow","max-snippet":"max-snippet:-1","max-image-preview":"max-image-preview:large","max-video-preview":"max-video-preview:-1"},"canonical":"https:\/\/www.anno-union.com\/de\/impressum-kontakt\/","og_locale":"de_DE","og_type":"article","og_title":"Impressum \/ Kontakt","og_description":"[vc_row content_placement=&#8221;top&#8221;][vc_column width=&#8221;1\/12&#8243;][\/vc_column][vc_column width=&#8221;4\/6&#8243;][vc_column_text] Impressum \/ Kontakt UBISOFT KUNDENDIENST Bitte sendet keine Emails mit technischen Fragen \u00fcber unsere Produkte an die E-Mail Adresse unseres Ubisoft Kundendienst. Diese werden ohne Beantwortung gel\u00f6scht. Antworten auf technische Fragen oder Spielhilfe findet Ihr auf der Seite unseres Kundendienstes: https:\/\/support.ubi.com\/anno1800. ANSCHRIFT Ubisoft Blue Byte GmbH Luise-Rainer-Stra\u00dfe 7 40235 D\u00fcsseldorf (0211) [&hellip;]","og_url":"https:\/\/www.anno-union.com\/de\/impressum-kontakt\/","og_site_name":"Anno Union","article_modified_time":"2023-11-21T09:49:04+00:00","og_image":[{"url":"https:\/\/www.anno-union.com\/\/content\/uploads\/2017\/08\/uskjugendschutz90.png"}],"twitter_card":"summary_large_image","twitter_misc":{"Est. reading time":"2 minutes"},"schema":{"@context":"https:\/\/schema.org","@graph":[{"@type":"WebPage","@id":"https:\/\/www.anno-union.com\/de\/impressum-kontakt\/","url":"https:\/\/www.anno-union.com\/de\/impressum-kontakt\/","name":"Impressum \/ Kontakt - Anno Union","isPartOf":{"@id":"https:\/\/www.anno-union.com\/#website"},"primaryImageOfPage":{"@id":"https:\/\/www.anno-union.com\/de\/impressum-kontakt\/#primaryimage"},"image":{"@id":"https:\/\/www.anno-union.com\/de\/impressum-kontakt\/#primaryimage"},"thumbnailUrl":"https:\/\/www.anno-union.com\/\/content\/uploads\/2017\/08\/uskjugendschutz90.png","datePublished":"2017-08-14T17:00:59+00:00","dateModified":"2023-11-21T09:49:04+00:00","breadcrumb":{"@id":"https:\/\/www.anno-union.com\/de\/impressum-kontakt\/#breadcrumb"},"inLanguage":"de-DE","potentialAction":[{"@type":"ReadAction","target":["https:\/\/www.anno-union.com\/de\/impressum-kontakt\/"]}]},{"@type":"ImageObject","inLanguage":"de-DE","@id":"https:\/\/www.anno-union.com\/de\/impressum-kontakt\/#primaryimage","url":"https:\/\/www.anno-union.com\/\/content\/uploads\/2017\/08\/uskjugendschutz90.png","contentUrl":"https:\/\/www.anno-union.com\/\/content\/uploads\/2017\/08\/uskjugendschutz90.png"},{"@type":"BreadcrumbList","@id":"https:\/\/www.anno-union.com\/de\/impressum-kontakt\/#breadcrumb","itemListElement":[{"@type":"ListItem","position":1,"name":"Startseite","item":"https:\/\/www.anno-union.com\/de\/"},{"@type":"ListItem","position":2,"name":"Impressum \/ Kontakt"}]},{"@type":"WebSite","@id":"https:\/\/www.anno-union.com\/#website","url":"https:\/\/www.anno-union.com\/","name":"Anno Union","description":"","potentialAction":[{"@type":"SearchAction","target":{"@type":"EntryPoint","urlTemplate":"https:\/\/www.anno-union.com\/?s={search_term_string}"},"query-input":"required name=search_term_string"}],"inLanguage":"de-DE"}]}},"_links":{"self":[{"href":"https:\/\/www.anno-union.com\/de\/wp-json\/wp\/v2\/pages\/435"}],"collection":[{"href":"https:\/\/www.anno-union.com\/de\/wp-json\/wp\/v2\/pages"}],"about":[{"href":"https:\/\/www.anno-union.com\/de\/wp-json\/wp\/v2\/types\/page"}],"author":[{"embeddable":true,"href":"https:\/\/www.anno-union.com\/de\/wp-json\/wp\/v2\/users\/1"}],"replies":[{"embeddable":true,"href":"https:\/\/www.anno-union.com\/de\/wp-json\/wp\/v2\/comments?post=435"}],"version-history":[{"count":0,"href":"https:\/\/www.anno-union.com\/de\/wp-json\/wp\/v2\/pages\/435\/revisions"}],"wp:attachment":[{"href":"https:\/\/www.anno-union.com\/de\/wp-json\/wp\/v2\/media?parent=435"}],"curies":[{"name":"wp","href":"https:\/\/api.w.org\/{rel}","templated":true}]}}