{"id":18869,"date":"2023-12-12T18:30:54","date_gmt":"2023-12-12T17:30:54","guid":{"rendered":"https:\/\/staging.anno-union.com\/cdlc14-teaser\/"},"modified":"2024-05-27T09:29:03","modified_gmt":"2024-05-27T07:29:03","slug":"cdlc14-teaser","status":"publish","type":"page","link":"https:\/\/www.anno-union.com\/de\/cdlc14-teaser\/","title":{"rendered":"CDLC14-Teaser"},"content":{"rendered":"<div class=\"wpb-content-wrapper\"><p>[vc_row][vc_column]<div class=\"container\"><div class=\"row\"><div class=\"col-sm-12 breadcrumbs-container\"><\/div><\/div><\/div>[\/vc_column][\/vc_row][vc_row][vc_column width=&#8221;1\/12&#8243;][\/vc_column][vc_column width=&#8221;4\/6&#8243;][vc_column_text css=&#8221;.vc_custom_1710427239696{margin-top: 100px !important;margin-bottom: 30px !important;}&#8221;]<\/p>\n<h2>Die Geheimnisse hinter Cosmetic DLC 14<\/h2>\n<p>[\/vc_column_text][\/vc_column][vc_column width=&#8221;1\/6&#8243;][\/vc_column][\/vc_row][vc_row][vc_column width=&#8221;1\/12&#8243;][\/vc_column][vc_column width=&#8221;4\/6&#8243;][vc_column_text css=&#8221;.vc_custom_1710427418784{margin-bottom: 25px !important;}&#8221;]Sei gegr\u00fc\u00dft, lieber Annoholic!<\/p>\n<p>Wie ich sehe, hast du meine Nachricht entschl\u00fcsselt und den Weg in diese geheime Ecke der Anno Union gefunden.<\/p>\n<p>Aber bitte, das ist noch sehr geheim und niemand sonst hat diese Informationen, also muss ich vorsichtig sein mit dem, was ich sage. Aber ich habe pikante Informationen \u00fcber das Thema des n\u00e4chsten Cosmetic DLCs. Ich musste sie allerdings ein bisschen verstecken, damit sie mir nicht auf die Schliche kommen.<\/p>\n<p>Also, seht euch die wenigen Filmclips an, die ich aufnehmen konnte, das sollte euch helfen![\/vc_column_text][\/vc_column][vc_column width=&#8221;1\/6&#8243;][\/vc_column][\/vc_row][vc_row][vc_column width=&#8221;1\/12&#8243;][\/vc_column][vc_column width=&#8221;4\/6&#8243;][vc_column_text css=&#8221;.vc_custom_1702393138020{margin-bottom: 25px !important;}&#8221;]<\/p>\n<div style=\"width: 640px;\" class=\"wp-video\"><!--[if lt IE 9]><script>document.createElement('video');<\/script><![endif]-->\n<video class=\"wp-video-shortcode\" id=\"video-18869-1\" width=\"640\" height=\"360\" preload=\"metadata\" controls=\"controls\"><source type=\"video\/mp4\" src=\"https:\/\/static-wordpress.akamaized.net\/anno-union.com\/Videos\/CDLC14_teaser_2.mp4?_=1\" \/><a href=\"https:\/\/static-wordpress.akamaized.net\/anno-union.com\/Videos\/CDLC14_teaser_2.mp4\">https:\/\/static-wordpress.akamaized.net\/anno-union.com\/Videos\/CDLC14_teaser_2.mp4<\/a><\/video><\/div>\n<p>[\/vc_column_text][\/vc_column][vc_column width=&#8221;1\/6&#8243;][\/vc_column][\/vc_row][vc_row][vc_column width=&#8221;1\/12&#8243;][\/vc_column][vc_column width=&#8221;4\/6&#8243;][vc_column_text css=&#8221;.vc_custom_1710427494649{margin-bottom: 50px !important;}&#8221;]Habst du es herausgefunden? Es tut mir leid, dass ich noch nichts Genaueres sagen kann und auch meine Identit\u00e4t geheim halten muss &#8211; man hat ein Auge auf mich.<\/p>\n<p>Ich werde n\u00e4chstes Jahr wiederkommen, wenn sich die Lage beruhigt hat![\/vc_column_text][\/vc_column][vc_column width=&#8221;1\/6&#8243;][\/vc_column][\/vc_row][vc_row][vc_column]<div class=\"container\"><div class=\"row\"><div class=\"col-sm-12 breadcrumbs-container\"><\/div><\/div><\/div>[\/vc_column][\/vc_row][vc_row][vc_column width=&#8221;1\/12&#8243;][\/vc_column][vc_column width=&#8221;4\/6&#8243;][vc_column_text css=&#8221;.vc_custom_1710427526732{margin-bottom: 25px !important;}&#8221;]<\/p>\n<h2>Du willst mehr? Es gibt noch mehr!<\/h2>\n<p>[\/vc_column_text][\/vc_column][vc_column width=&#8221;1\/6&#8243;][\/vc_column][\/vc_row][vc_row][vc_column width=&#8221;1\/12&#8243;][\/vc_column][vc_column width=&#8221;4\/6&#8243;][vc_column_text css=&#8221;.vc_custom_1710427638678{margin-bottom: 50px !important;}&#8221;]Ich habe etwas zum T\u00fcfteln f\u00fcr euch, meine bisher wohl beste Erfindung.<\/p>\n<p>Gebt mir noch ein oder zwei Tage und ich zeige es euch.<\/p>\n<p>N.S.[\/vc_column_text][\/vc_column][vc_column width=&#8221;1\/6&#8243;][\/vc_column][\/vc_row][vc_row][vc_column]<div class=\"container\"><div class=\"row\"><div class=\"col-sm-12 breadcrumbs-container\"><\/div><\/div><\/div>[\/vc_column][\/vc_row][vc_row][vc_column width=&#8221;1\/12&#8243;][\/vc_column][vc_column width=&#8221;4\/6&#8243;][vc_column_text css=&#8221;.vc_custom_1710427717266{margin-bottom: 25px !important;}&#8221;]<\/p>\n<h2>Da ham wir ganz sch\u00f6n was zusammengeschustert<\/h2>\n<p>[\/vc_column_text][\/vc_column][vc_column width=&#8221;1\/6&#8243;][\/vc_column][\/vc_row][vc_row][vc_column width=&#8221;1\/12&#8243;][\/vc_column][vc_column width=&#8221;4\/6&#8243;][vc_column_text css=&#8221;.vc_custom_1710428232472{margin-bottom: 50px !important;}&#8221;]Na also, geht doch! Ich sagte doch, dass ich dir eine Sonderbehandlung angedeihen lassen w\u00fcrde.<\/p>\n<p>Es ist nicht immer einfach, die Dinge an der Zensur der K\u00f6nigin vorbei zu bekommen, aber ich denke, du kannst sehen, worum es geht.<\/p>\n<p>Ignoriere das blaue Ding auf der rechten Seite, das ist ein anderes Projekt, an dem ich gerade arbeite. Das wird aber wahrscheinlich erst im Jahr 2070 fertig oder so&#8230;<\/p>\n<p>N.S.<\/p>\n<p><a href=\"https:\/\/www.anno-union.com\/\/content\/uploads\/2024\/03\/Anno-1800-dlc14-teaser-3-v2.png\"><img loading=\"lazy\" decoding=\"async\" class=\"aligncenter size-full wp-image-18840\" src=\"https:\/\/www.anno-union.com\/\/content\/uploads\/2024\/03\/Anno-1800-dlc14-teaser-3-v2.png\" alt=\"\" width=\"1558\" height=\"944\" srcset=\"https:\/\/www.anno-union.com\/wp\/wp-content\/uploads\/2024\/03\/Anno-1800-dlc14-teaser-3-v2.png 1558w, https:\/\/www.anno-union.com\/wp\/wp-content\/uploads\/2024\/03\/Anno-1800-dlc14-teaser-3-v2-300x182.png 300w, https:\/\/www.anno-union.com\/wp\/wp-content\/uploads\/2024\/03\/Anno-1800-dlc14-teaser-3-v2-1440x873.png 1440w, https:\/\/www.anno-union.com\/wp\/wp-content\/uploads\/2024\/03\/Anno-1800-dlc14-teaser-3-v2-768x465.png 768w, https:\/\/www.anno-union.com\/wp\/wp-content\/uploads\/2024\/03\/Anno-1800-dlc14-teaser-3-v2-1536x931.png 1536w\" sizes=\"(max-width: 1558px) 100vw, 1558px\" \/><\/a>[\/vc_column_text][\/vc_column][vc_column width=&#8221;1\/6&#8243;][\/vc_column][\/vc_row][vc_row][vc_column]<div class=\"container\"><div class=\"row\"><div class=\"col-sm-12 breadcrumbs-container\"><\/div><\/div><\/div>[\/vc_column][\/vc_row][vc_row][vc_column width=&#8221;1\/12&#8243;][\/vc_column][vc_column width=&#8221;4\/6&#8243;][vc_column_text css=&#8221;.vc_custom_1714081135709{margin-bottom: 20px !important;}&#8221;]<\/p>\n<h2>Schaut euch das an!<\/h2>\n<p><span class=\"--l --r sentence_highlight\">Hah, ich wei\u00df, ich habe gesagt, dass ich mich zur\u00fcckhalten will, aber ich nehme an, du hast es inzwischen herausgefunden: <\/span><span class=\"--l sentence_highlight\">Ich bin&#8217;s, der alte Nate!<\/span><\/p>\n<p><span class=\"--l --r sentence_highlight\">Wie auch immer, ich schweife ab&#8230; lasst mich euch meine neueste Erfindung zeigen, aktuell in der letzten Testphase. <\/span><span class=\"--l --r sentence_highlight\">Fr\u00fcher war sie ein Wrack (das war nat\u00fcrlich Teil der Tests!), aber man w\u00fcrde es nie vermuten. <\/span><span class=\"--l --r sentence_highlight\">Hoffentlich sprudelt das Wasser nicht so rein, wie bei dem einzigen anderen Test, den ich gemacht habe&#8230;<\/span>[\/vc_column_text][\/vc_column][vc_column width=&#8221;1\/6&#8243;][\/vc_column][\/vc_row][vc_row][vc_column width=&#8221;1\/12&#8243;][\/vc_column][vc_column width=&#8221;4\/6&#8243;][vc_column_text]<a href=\"https:\/\/www.anno-union.com\/\/content\/uploads\/2024\/04\/nautilus.jpg\"><img loading=\"lazy\" decoding=\"async\" class=\"aligncenter size-full wp-image-18928\" src=\"https:\/\/www.anno-union.com\/\/content\/uploads\/2024\/04\/nautilus.jpg\" alt=\"\" width=\"1563\" height=\"978\" srcset=\"https:\/\/www.anno-union.com\/wp\/wp-content\/uploads\/2024\/04\/nautilus.jpg 1563w, https:\/\/www.anno-union.com\/wp\/wp-content\/uploads\/2024\/04\/nautilus-300x188.jpg 300w, https:\/\/www.anno-union.com\/wp\/wp-content\/uploads\/2024\/04\/nautilus-1440x901.jpg 1440w, https:\/\/www.anno-union.com\/wp\/wp-content\/uploads\/2024\/04\/nautilus-768x481.jpg 768w, https:\/\/www.anno-union.com\/wp\/wp-content\/uploads\/2024\/04\/nautilus-1536x961.jpg 1536w\" sizes=\"(max-width: 1563px) 100vw, 1563px\" \/><\/a>[\/vc_column_text][\/vc_column][vc_column width=&#8221;1\/6&#8243;][\/vc_column][\/vc_row][vc_row css=&#8221;.vc_custom_1716794940600{margin-top: 30px !important;}&#8221;][vc_column width=&#8221;1\/12&#8243;][\/vc_column][vc_column width=&#8221;4\/6&#8243;][vc_column_text]Da es sich um einen Prototypen handelt, werde ich Sie bitten, eine Verzichtserkl\u00e4rung zu unterschreiben, bevor Sie ihn benutzen. Wenn etwas passiert ist, bin ich nicht haftbar.<\/p>\n<p>(Ah, und diese neuen Investorenwohnh\u00e4user&#8230; exquisit!)[\/vc_column_text][\/vc_column][vc_column width=&#8221;1\/6&#8243;][\/vc_column][\/vc_row][vc_row][vc_column]<div class=\"container\"><div class=\"row\"><div class=\"col-sm-12 breadcrumbs-container\"><\/div><\/div><\/div>[\/vc_column][\/vc_row][vc_row][vc_column]<div class=\"container\"><div class=\"row\"><div class=\"col-sm-12 breadcrumbs-container\"><\/div><\/div><\/div>[\/vc_column][\/vc_row]<\/p>\n<\/div>","protected":false},"excerpt":{"rendered":"<p>[vc_row][vc_column][\/vc_column][\/vc_row][vc_row][vc_column width=&#8221;1\/12&#8243;][\/vc_column][vc_column width=&#8221;4\/6&#8243;][vc_column_text css=&#8221;.vc_custom_1710427239696{margin-top: 100px !important;margin-bottom: 30px !important;}&#8221;] Die Geheimnisse hinter Cosmetic DLC 14 [\/vc_column_text][\/vc_column][vc_column width=&#8221;1\/6&#8243;][\/vc_column][\/vc_row][vc_row][vc_column width=&#8221;1\/12&#8243;][\/vc_column][vc_column width=&#8221;4\/6&#8243;][vc_column_text css=&#8221;.vc_custom_1710427418784{margin-bottom: 25px !important;}&#8221;]Sei gegr\u00fc\u00dft, lieber Annoholic! Wie ich sehe, hast du meine Nachricht entschl\u00fcsselt und den Weg in diese geheime Ecke der Anno Union gefunden. Aber bitte, das ist noch sehr geheim und niemand sonst hat diese [&hellip;]<\/p>\n","protected":false},"author":34684,"featured_media":0,"parent":0,"menu_order":0,"comment_status":"closed","ping_status":"closed","template":"","meta":{"_acf_changed":false,"footnotes":""},"acf":[],"yoast_head":"<!-- This site is optimized with the Yoast SEO Premium plugin v22.8 (Yoast SEO v22.8) - https:\/\/yoast.com\/wordpress\/plugins\/seo\/ -->\n<title>CDLC14-Teaser - Anno Union<\/title>\n<meta name=\"robots\" content=\"index, follow, max-snippet:-1, max-image-preview:large, max-video-preview:-1\" \/>\n<link rel=\"canonical\" href=\"https:\/\/www.anno-union.com\/de\/cdlc14-teaser\/\" \/>\n<meta property=\"og:locale\" content=\"de_DE\" \/>\n<meta property=\"og:type\" content=\"article\" \/>\n<meta property=\"og:title\" content=\"CDLC14-Teaser\" \/>\n<meta property=\"og:description\" content=\"[vc_row][vc_column][\/vc_column][\/vc_row][vc_row][vc_column width=&#8221;1\/12&#8243;][\/vc_column][vc_column width=&#8221;4\/6&#8243;][vc_column_text css=&#8221;.vc_custom_1710427239696{margin-top: 100px !important;margin-bottom: 30px !important;}&#8221;] Die Geheimnisse hinter Cosmetic DLC 14 [\/vc_column_text][\/vc_column][vc_column width=&#8221;1\/6&#8243;][\/vc_column][\/vc_row][vc_row][vc_column width=&#8221;1\/12&#8243;][\/vc_column][vc_column width=&#8221;4\/6&#8243;][vc_column_text css=&#8221;.vc_custom_1710427418784{margin-bottom: 25px !important;}&#8221;]Sei gegr\u00fc\u00dft, lieber Annoholic! Wie ich sehe, hast du meine Nachricht entschl\u00fcsselt und den Weg in diese geheime Ecke der Anno Union gefunden. Aber bitte, das ist noch sehr geheim und niemand sonst hat diese [&hellip;]\" \/>\n<meta property=\"og:url\" content=\"https:\/\/www.anno-union.com\/de\/cdlc14-teaser\/\" \/>\n<meta property=\"og:site_name\" content=\"Anno Union\" \/>\n<meta property=\"article:modified_time\" content=\"2024-05-27T07:29:03+00:00\" \/>\n<meta property=\"og:image\" content=\"https:\/\/www.anno-union.com\/\/content\/uploads\/2024\/03\/Anno-1800-dlc14-teaser-3-v2.png\" \/>\n<meta name=\"twitter:card\" content=\"summary_large_image\" \/>\n<meta name=\"twitter:label1\" content=\"Est. reading time\" \/>\n\t<meta name=\"twitter:data1\" content=\"3 minutes\" \/>\n<script type=\"application\/ld+json\" class=\"yoast-schema-graph\">{\"@context\":\"https:\/\/schema.org\",\"@graph\":[{\"@type\":\"WebPage\",\"@id\":\"https:\/\/www.anno-union.com\/de\/cdlc14-teaser\/\",\"url\":\"https:\/\/www.anno-union.com\/de\/cdlc14-teaser\/\",\"name\":\"CDLC14-Teaser - Anno Union\",\"isPartOf\":{\"@id\":\"https:\/\/www.anno-union.com\/#website\"},\"primaryImageOfPage\":{\"@id\":\"https:\/\/www.anno-union.com\/de\/cdlc14-teaser\/#primaryimage\"},\"image\":{\"@id\":\"https:\/\/www.anno-union.com\/de\/cdlc14-teaser\/#primaryimage\"},\"thumbnailUrl\":\"https:\/\/www.anno-union.com\/\/content\/uploads\/2024\/03\/Anno-1800-dlc14-teaser-3-v2.png\",\"datePublished\":\"2023-12-12T17:30:54+00:00\",\"dateModified\":\"2024-05-27T07:29:03+00:00\",\"breadcrumb\":{\"@id\":\"https:\/\/www.anno-union.com\/de\/cdlc14-teaser\/#breadcrumb\"},\"inLanguage\":\"de-DE\",\"potentialAction\":[{\"@type\":\"ReadAction\",\"target\":[\"https:\/\/www.anno-union.com\/de\/cdlc14-teaser\/\"]}]},{\"@type\":\"ImageObject\",\"inLanguage\":\"de-DE\",\"@id\":\"https:\/\/www.anno-union.com\/de\/cdlc14-teaser\/#primaryimage\",\"url\":\"https:\/\/www.anno-union.com\/\/content\/uploads\/2024\/03\/Anno-1800-dlc14-teaser-3-v2.png\",\"contentUrl\":\"https:\/\/www.anno-union.com\/\/content\/uploads\/2024\/03\/Anno-1800-dlc14-teaser-3-v2.png\"},{\"@type\":\"BreadcrumbList\",\"@id\":\"https:\/\/www.anno-union.com\/de\/cdlc14-teaser\/#breadcrumb\",\"itemListElement\":[{\"@type\":\"ListItem\",\"position\":1,\"name\":\"Startseite\",\"item\":\"https:\/\/www.anno-union.com\/de\/\"},{\"@type\":\"ListItem\",\"position\":2,\"name\":\"CDLC14-Teaser\"}]},{\"@type\":\"WebSite\",\"@id\":\"https:\/\/www.anno-union.com\/#website\",\"url\":\"https:\/\/www.anno-union.com\/\",\"name\":\"Anno Union\",\"description\":\"\",\"potentialAction\":[{\"@type\":\"SearchAction\",\"target\":{\"@type\":\"EntryPoint\",\"urlTemplate\":\"https:\/\/www.anno-union.com\/?s={search_term_string}\"},\"query-input\":\"required name=search_term_string\"}],\"inLanguage\":\"de-DE\"}]}<\/script>\n<!-- \/ Yoast SEO Premium plugin. -->","yoast_head_json":{"title":"CDLC14-Teaser - Anno Union","robots":{"index":"index","follow":"follow","max-snippet":"max-snippet:-1","max-image-preview":"max-image-preview:large","max-video-preview":"max-video-preview:-1"},"canonical":"https:\/\/www.anno-union.com\/de\/cdlc14-teaser\/","og_locale":"de_DE","og_type":"article","og_title":"CDLC14-Teaser","og_description":"[vc_row][vc_column][\/vc_column][\/vc_row][vc_row][vc_column width=&#8221;1\/12&#8243;][\/vc_column][vc_column width=&#8221;4\/6&#8243;][vc_column_text css=&#8221;.vc_custom_1710427239696{margin-top: 100px !important;margin-bottom: 30px !important;}&#8221;] Die Geheimnisse hinter Cosmetic DLC 14 [\/vc_column_text][\/vc_column][vc_column width=&#8221;1\/6&#8243;][\/vc_column][\/vc_row][vc_row][vc_column width=&#8221;1\/12&#8243;][\/vc_column][vc_column width=&#8221;4\/6&#8243;][vc_column_text css=&#8221;.vc_custom_1710427418784{margin-bottom: 25px !important;}&#8221;]Sei gegr\u00fc\u00dft, lieber Annoholic! Wie ich sehe, hast du meine Nachricht entschl\u00fcsselt und den Weg in diese geheime Ecke der Anno Union gefunden. Aber bitte, das ist noch sehr geheim und niemand sonst hat diese [&hellip;]","og_url":"https:\/\/www.anno-union.com\/de\/cdlc14-teaser\/","og_site_name":"Anno Union","article_modified_time":"2024-05-27T07:29:03+00:00","og_image":[{"url":"https:\/\/www.anno-union.com\/\/content\/uploads\/2024\/03\/Anno-1800-dlc14-teaser-3-v2.png"}],"twitter_card":"summary_large_image","twitter_misc":{"Est. reading time":"3 minutes"},"schema":{"@context":"https:\/\/schema.org","@graph":[{"@type":"WebPage","@id":"https:\/\/www.anno-union.com\/de\/cdlc14-teaser\/","url":"https:\/\/www.anno-union.com\/de\/cdlc14-teaser\/","name":"CDLC14-Teaser - Anno Union","isPartOf":{"@id":"https:\/\/www.anno-union.com\/#website"},"primaryImageOfPage":{"@id":"https:\/\/www.anno-union.com\/de\/cdlc14-teaser\/#primaryimage"},"image":{"@id":"https:\/\/www.anno-union.com\/de\/cdlc14-teaser\/#primaryimage"},"thumbnailUrl":"https:\/\/www.anno-union.com\/\/content\/uploads\/2024\/03\/Anno-1800-dlc14-teaser-3-v2.png","datePublished":"2023-12-12T17:30:54+00:00","dateModified":"2024-05-27T07:29:03+00:00","breadcrumb":{"@id":"https:\/\/www.anno-union.com\/de\/cdlc14-teaser\/#breadcrumb"},"inLanguage":"de-DE","potentialAction":[{"@type":"ReadAction","target":["https:\/\/www.anno-union.com\/de\/cdlc14-teaser\/"]}]},{"@type":"ImageObject","inLanguage":"de-DE","@id":"https:\/\/www.anno-union.com\/de\/cdlc14-teaser\/#primaryimage","url":"https:\/\/www.anno-union.com\/\/content\/uploads\/2024\/03\/Anno-1800-dlc14-teaser-3-v2.png","contentUrl":"https:\/\/www.anno-union.com\/\/content\/uploads\/2024\/03\/Anno-1800-dlc14-teaser-3-v2.png"},{"@type":"BreadcrumbList","@id":"https:\/\/www.anno-union.com\/de\/cdlc14-teaser\/#breadcrumb","itemListElement":[{"@type":"ListItem","position":1,"name":"Startseite","item":"https:\/\/www.anno-union.com\/de\/"},{"@type":"ListItem","position":2,"name":"CDLC14-Teaser"}]},{"@type":"WebSite","@id":"https:\/\/www.anno-union.com\/#website","url":"https:\/\/www.anno-union.com\/","name":"Anno Union","description":"","potentialAction":[{"@type":"SearchAction","target":{"@type":"EntryPoint","urlTemplate":"https:\/\/www.anno-union.com\/?s={search_term_string}"},"query-input":"required name=search_term_string"}],"inLanguage":"de-DE"}]}},"_links":{"self":[{"href":"https:\/\/www.anno-union.com\/de\/wp-json\/wp\/v2\/pages\/18869"}],"collection":[{"href":"https:\/\/www.anno-union.com\/de\/wp-json\/wp\/v2\/pages"}],"about":[{"href":"https:\/\/www.anno-union.com\/de\/wp-json\/wp\/v2\/types\/page"}],"author":[{"embeddable":true,"href":"https:\/\/www.anno-union.com\/de\/wp-json\/wp\/v2\/users\/34684"}],"replies":[{"embeddable":true,"href":"https:\/\/www.anno-union.com\/de\/wp-json\/wp\/v2\/comments?post=18869"}],"version-history":[{"count":0,"href":"https:\/\/www.anno-union.com\/de\/wp-json\/wp\/v2\/pages\/18869\/revisions"}],"wp:attachment":[{"href":"https:\/\/www.anno-union.com\/de\/wp-json\/wp\/v2\/media?parent=18869"}],"curies":[{"name":"wp","href":"https:\/\/api.w.org\/{rel}","templated":true}]}}