{"id":18373,"date":"2023-07-31T17:44:51","date_gmt":"2023-07-31T15:44:51","guid":{"rendered":"https:\/\/staging.anno-union.com\/?page_id=18373"},"modified":"2023-08-22T18:00:37","modified_gmt":"2023-08-22T16:00:37","slug":"modding-in-anno-1800-faq","status":"publish","type":"page","link":"https:\/\/www.anno-union.com\/de\/modding-in-anno-1800-faq\/","title":{"rendered":"Modding in Anno 1800 &#8211; FAQ"},"content":{"rendered":"<div class=\"wpb-content-wrapper\"><p>[vc_row][vc_column]\n        <div class=\"header-margin\"><\/div>\n        [\/vc_column][\/vc_row][vc_row][vc_column width=&#8221;1\/12&#8243; css=&#8221;.vc_custom_1690556797913{margin-top: 80px !important;}&#8221;][\/vc_column][vc_column width=&#8221;4\/6&#8243;]\n            <section class=\"studios-games-heading\">\n                <div class=\"container\">\n                    <div class=\"row\">\n                        <div class=\"col-md-8\">\n                            <h2 class=\"h2\">Modding in Anno 1800 - FAQ<\/h2>\n                        <\/div>\n                        <div class=\"col-md-4\">\n                            <p><\/p>\n                        <\/div>\n                    <\/div>\n                <\/div>\n          <\/section>[\/vc_column][vc_column width=&#8221;1\/6&#8243;][\/vc_column][\/vc_row][vc_row css=&#8221;.vc_custom_1690809699840{margin-bottom: 35px !important;}&#8221;][vc_column width=&#8221;1\/12&#8243; css=&#8221;.vc_custom_1690556812006{margin-bottom: 30px !important;}&#8221;][\/vc_column][vc_column width=&#8221;4\/6&#8243;][vc_column_text]Die Modding-Community f\u00fcr Anno 1800 hat in den letzten Jahren einige wirklich beeindruckende Mods geschaffen: Von Ornamenten \u00fcber Balance-Tweaks und Schiffsskins bis hin zu neuen Mechaniken und ganzen Produktionsketten! Mit unseren letzten Updates in diesem Jahr wollen wir es noch einfacher machen, diese fantastischen Mods zu nutzen und den Moddern au\u00dferdem zus\u00e4tzliche Sichtbarkeit f\u00fcr ihre Kreationen verschaffen.<\/p>\n<p>Wenn ihr daran interessiert seid, Mods zu verwenden oder zu erstellen, m\u00f6chten wir euch auf dieser Seite einige n\u00fctzliche Informationen sowie Links zu weiteren Ressourcen und Community-Kan\u00e4len zur Verf\u00fcgung stellen.[\/vc_column_text][\/vc_column][vc_column width=&#8221;1\/6&#8243;][\/vc_column][\/vc_row][vc_row css=&#8221;.vc_custom_1690809709709{margin-bottom: 30px !important;}&#8221;][vc_column width=&#8221;1\/12&#8243;][\/vc_column][vc_column width=&#8221;4\/6&#8243;][vc_column_text]<\/p>\n<h2>Was ist der Mod-Browser f\u00fcr Anno 1800?<\/h2>\n<p>Der Mod-Browser ist eine Plattform f\u00fcr User Generated Content (=UGC, zu deutsch: &#8220;von Nutzern erstellte Inhalte&#8221;) von mod.io, die das Einreichen, Bereitstellen und den Zugriff auf von Spielern erstellte Mods erm\u00f6glicht.<\/p>\n<p>PC-Spieler von Anno 1800 werden auf Mods zugreifen k\u00f6nnen, indem sie den Browser im Hauptmen\u00fc ausw\u00e4hlen. Von dort aus k\u00f6nnen die Spieler selbsterstellte Inhalte suchen, abonnieren, herunterladen und verwenden.<\/p>\n<p>Es ist auch m\u00f6glich, den Mod-Browser au\u00dferhalb des Spiels auf der mod.io-Website (https:\/\/mod.io\/g\/anno-1800) oder direkt hier auf der Anno Union aufzurufen.<\/p>\n<p>Weitere Informationen findet ihr in <a href=\"https:\/\/www.anno-union.com\/de\/anno-1800-x-mod-io-der-mod-browser-kommt\">diesem speziellen Blog<\/a>.[\/vc_column_text][\/vc_column][vc_column width=&#8221;1\/6&#8243;][\/vc_column][\/vc_row][vc_row css=&#8221;.vc_custom_1690809719588{margin-bottom: 30px !important;}&#8221;][vc_column width=&#8221;1\/12&#8243;][\/vc_column][vc_column width=&#8221;4\/6&#8243;][vc_column_text]<\/p>\n<h2>Wie kann ich Mods f\u00fcr Anno 1800 installieren? Wo werden sie gespeichert?<\/h2>\n<p>Der einfachste Weg ist, Anno 1800 zu starten und im Hauptmen\u00fc auf den Button &#8220;Mod-Browser&#8221; zu klicken. Abonnierte einfach eine beliebigen Mod, um einen Download zu starten. Mods, die auf diese Weise installiert werden, werden gespeichert unter:<\/p>\n<ul>\n<li>C:\\Users\\Public\\mod.io\\4169\\mods<\/li>\n<\/ul>\n<p>Ihr k\u00f6nnt auch Mods aus anderen Quellen (z.B. GitHub) herunterladen. Befolgt einfach deren Installationsanweisungen. Standardm\u00e4\u00dfig m\u00fcssen diese Mods in einem dieser beiden Ordner abgelegt werden:<\/p>\n<ul>\n<li>&lt;Benutzer&gt;\\Dokumente\\Anno 1800\\mods<\/li>\n<li>&lt;Installationspfad&gt;\\Anno 1800\\mods<\/li>\n<\/ul>\n<p>[\/vc_column_text][\/vc_column][vc_column width=&#8221;1\/6&#8243;][\/vc_column][\/vc_row][vc_row css=&#8221;.vc_custom_1690809719588{margin-bottom: 30px !important;}&#8221;][vc_column width=&#8221;1\/12&#8243;][\/vc_column][vc_column width=&#8221;4\/6&#8243;][vc_column_text]<\/p>\n<h2>Kann ich \u00e4ndern, wo die mod.io Mods gespeichert werden?<\/h2>\n<p>Ja, das k\u00f6nnt ihr, aber dazu m\u00fcsst ihr eine Datei bearbeiten.<\/p>\n<p>Sucht nach der &#8220;<strong>globalsettings.json<\/strong>&#8221; Datei, die sich im Ordner <strong>&#8230;\\AppData\\Local\\mod.io<\/strong> befindet. Ihr k\u00f6nnt sie auch finden, indem ihr in der Windows-Suchleiste nach &#8220;<strong>%localappdata%<\/strong>&#8221; sucht.<\/p>\n<p>\u00d6ffnet die Datei mit einem Programm wie Notepad und sucht nach &#8220;<strong>{&#8220;RootLocalStoragePath&#8221;: &#8220;C:\/Users\/Public\/mod.io\/&#8221;}<\/strong>&#8220;. Diesen Pfad k\u00f6nnt ihr in einen beliebigen Ordner eurer Wahl \u00e4ndern.[\/vc_column_text][\/vc_column][vc_column width=&#8221;1\/6&#8243;][\/vc_column][\/vc_row][vc_row css=&#8221;.vc_custom_1690809725892{margin-bottom: 30px !important;}&#8221;][vc_column width=&#8221;1\/12&#8243;][\/vc_column][vc_column width=&#8221;4\/6&#8243;][vc_column_text]<\/p>\n<h2>Kann ich entscheiden, welche installierten Mods ich f\u00fcr verschiedene Spielst\u00e4nde verwenden m\u00f6chte?<\/h2>\n<p>Ihr k\u00f6nnt die Auswahl der aktiven Mods im Hauptmen\u00fc \u00e4ndern, bevor ihr einen Spielstand ladet oder ein neues Spiel erstellt.<\/p>\n<p>Ein Popup-Fenster zeigt an, wenn sich die Auswahl von der unterscheidet, die ihr zuvor in einem Spielstand verwendet habt. Dort k\u00f6nnt ihr die Auswahl an den Spielstand anpassen oder mit der neuen Auswahl fortfahren.[\/vc_column_text][\/vc_column][vc_column width=&#8221;1\/6&#8243;][\/vc_column][\/vc_row][vc_row css=&#8221;.vc_custom_1690809734422{margin-bottom: 30px !important;}&#8221;][vc_column width=&#8221;1\/12&#8243;][\/vc_column][vc_column width=&#8221;4\/6&#8243;][vc_column_text]<\/p>\n<h2>Kann ich Mods zu einem bestehenden Spielstand hinzuf\u00fcgen und wieder entfernen?<\/h2>\n<p>Das h\u00e4ngt von der Mod ab. Viele Mods k\u00f6nnen zu einem bestehenden Spielstand hinzugef\u00fcgt werden. Lest deshalb unbedingt die Beschreibung, um zu pr\u00fcfen, ob die Mod unterst\u00fctzt wird oder nicht.<\/p>\n<p>Das Entfernen von Mods aus einem Spielstand wird nicht empfohlen. Mods hinterlassen oft Spuren in euren Spielst\u00e4nden. Auch das sp\u00e4tere Hinzuf\u00fcgen entfernter Mods kann zu Problemen f\u00fchren.<br \/>\nEntfernt Mods nur aus einem bestehenden Spielstand, wenn ihr ernsthafte Probleme damit habt.[\/vc_column_text][\/vc_column][vc_column width=&#8221;1\/6&#8243;][\/vc_column][\/vc_row][vc_row css=&#8221;.vc_custom_1690809741253{margin-bottom: 30px !important;}&#8221;][vc_column width=&#8221;1\/12&#8243;][\/vc_column][vc_column width=&#8221;4\/6&#8243;][vc_column_text]<\/p>\n<h2>Wie kann ich Mods deinstallieren?<\/h2>\n<p>Mods werden deinstalliert, wenn ihr sie im Mod-Browser de-abonnierst<\/p>\n<p>Lokale Mods m\u00fcssen manuell gel\u00f6scht werden, um sie aus dem Spiel zu entfernen.<\/p>\n<p>Au\u00dferdem k\u00f6nnt ihr eine Mod vor\u00fcbergehend deaktivieren, damit sie nicht in eurem n\u00e4chsten Spiel aktiv ist, aber nicht gleich deinstalliert wird.[\/vc_column_text][\/vc_column][vc_column width=&#8221;1\/6&#8243;][\/vc_column][\/vc_row][vc_row css=&#8221;.vc_custom_1690809741253{margin-bottom: 30px !important;}&#8221;][vc_column width=&#8221;1\/12&#8243;][\/vc_column][vc_column width=&#8221;4\/6&#8243;][vc_column_text]<a href=\"https:\/\/www.anno-union.com\/\/content\/uploads\/2023\/07\/modding-FAQ-breaker-2.jpg\"><img loading=\"lazy\" decoding=\"async\" class=\"aligncenter size-full wp-image-18368\" src=\"https:\/\/www.anno-union.com\/\/content\/uploads\/2023\/07\/modding-FAQ-breaker-2.jpg\" alt=\"\" width=\"1400\" height=\"284\" srcset=\"https:\/\/www.anno-union.com\/wp\/wp-content\/uploads\/2023\/07\/modding-FAQ-breaker-2.jpg 1400w, https:\/\/www.anno-union.com\/wp\/wp-content\/uploads\/2023\/07\/modding-FAQ-breaker-2-300x61.jpg 300w, https:\/\/www.anno-union.com\/wp\/wp-content\/uploads\/2023\/07\/modding-FAQ-breaker-2-768x156.jpg 768w\" sizes=\"(max-width: 1400px) 100vw, 1400px\" \/><\/a>[\/vc_column_text][\/vc_column][vc_column width=&#8221;1\/6&#8243;][\/vc_column][\/vc_row][vc_row css=&#8221;.vc_custom_1690809749095{margin-bottom: 30px !important;}&#8221;][vc_column width=&#8221;1\/12&#8243;][\/vc_column][vc_column width=&#8221;4\/6&#8243;][vc_column_text]<\/p>\n<h2>Ist es m\u00f6glich, Mods in Multiplayer-Matches zu verwenden?<\/h2>\n<p>Es ist m\u00f6glich, UGC im Mehrspielermodus zu verwenden, aber nur, wenn alle Spieler genau die gleichen Mods verwenden. Anno 1800 benachrichtigt Spieler, wenn ihr Mod-Setup nicht mit dem des Hosts \u00fcbereinstimmt.[\/vc_column_text][\/vc_column][vc_column width=&#8221;1\/6&#8243;][\/vc_column][\/vc_row][vc_row css=&#8221;.vc_custom_1690809755644{margin-bottom: 30px !important;}&#8221;][vc_column width=&#8221;1\/12&#8243;][\/vc_column][vc_column width=&#8221;4\/6&#8243;][vc_column_text]<\/p>\n<h2>Wo kann ich Mods f\u00fcr Anno 1800 finden?<\/h2>\n<p>Es gibt ein paar verschiedene Orte, an denen man nach Mods suchen kann.<\/p>\n<p>Zum einen gibt es mod.io: https:\/\/mod.io\/g\/anno-1800 oder einfach direkt im Mod-Browser direkt im Spiel.<\/p>\n<p>Zweitens gibt es GitHub, wo auch einige Modder ihre Kreationen eingestellt haben: https:\/\/github.com\/anno-mods<\/p>\n<p>Eine dritte gr\u00f6\u00dfere Plattform f\u00fcr Anno 1800-Mods ist Nexus: https:\/\/www.nexusmods.com\/anno1800[\/vc_column_text][\/vc_column][vc_column width=&#8221;1\/6&#8243;][\/vc_column][\/vc_row][vc_row css=&#8221;.vc_custom_1690809762148{margin-bottom: 30px !important;}&#8221;][vc_column width=&#8221;1\/12&#8243;][\/vc_column][vc_column width=&#8221;4\/6&#8243;][vc_column_text]<\/p>\n<h2>Was muss ich bei der Verwendung von Mods beachten?<\/h2>\n<p>Mods werden von anderen Spielern erstellt und nicht vom Anno-Entwicklerteam. Das bedeutet, dass wir nicht garantieren k\u00f6nnen, dass diese Mods korrekt funktionieren und keine Probleme oder Bugs verursachen.<\/p>\n<p>Bitte beachtet auch, dass nicht alle Mods miteinander kompatibel sind und dass einige Mods zudem noch weitere Mods oder Tools ben\u00f6tigen, um zu funktionieren. Oftmals geben die Mod-Ersteller diese Informationen in der Beschreibung ihres Projekts an.[\/vc_column_text][\/vc_column][vc_column width=&#8221;1\/6&#8243;][\/vc_column][\/vc_row][vc_row css=&#8221;.vc_custom_1690809771036{margin-bottom: 30px !important;}&#8221;][vc_column width=&#8221;1\/12&#8243;][\/vc_column][vc_column width=&#8221;4\/6&#8243;][vc_column_text]<\/p>\n<h2>Mein Spiel st\u00fcrzt nach der Aktivierung von Mods ab, was kann ich tun?<\/h2>\n<p>Eine oder mehrere der Mods, die ihr verwendet, k\u00f6nnten veraltet sein oder es k\u00f6nnte ein Konflikt zwischen verschiedenen Mods bestehen. Die L\u00f6sung kann etwas zeitaufw\u00e4ndig sein, aber wenn ihr das Problem nicht sofort ausfindig machen k\u00f6nnt, indem ihr z. B. die Beschreibungen der einzelnen Modseiten durchsucht, deaktiviert ihr am besten so lange Mods, bis ihr diejenige gefunden habt, die das Problem wahrscheinlich verursacht.<\/p>\n<p>Wenn ihr k\u00fcrzlich hinzugef\u00fcgte Mods deaktiviert, stellt sicher, dass ihr mit einem neuen Spielstand, oder mit einem bestehenden Spielstand vor dem Auftreten der Probleme, pr\u00fcft.[\/vc_column_text][\/vc_column][vc_column width=&#8221;1\/6&#8243;][\/vc_column][\/vc_row][vc_row css=&#8221;.vc_custom_1690809776776{margin-bottom: 30px !important;}&#8221;][vc_column width=&#8221;1\/12&#8243;][\/vc_column][vc_column width=&#8221;4\/6&#8243;][vc_column_text]<\/p>\n<h2>Ich bin bei der Verwendung von Mods auf Bugs oder Blocker gesto\u00dfen, was soll ich tun?<\/h2>\n<p>\u00c4hnlich wie oben kann es sein, dass eine oder mehrere der Mods, die ihr verwendet, veraltet sind oder dass es einen Konflikt zwischen verschiedenen Mods gibt. Die beste Strategie ist es, die Mods nacheinander zu deaktivieren und zu aktivieren, um den \u00dcbelt\u00e4ter zu finden. Vergleicht die Liste der Mods mit der genauen Art des Problems, mit dem ihr konfrontiert seid; wenn zum Beispiel der Segelmacher aus dem Baumen\u00fc verschwunden ist und ihr eine Mod habt, die etwas an den Segelmachern \u00e4ndert, w\u00e4re das ein guter Ansatzpunkt.[\/vc_column_text][\/vc_column][vc_column width=&#8221;1\/6&#8243;][\/vc_column][\/vc_row][vc_row css=&#8221;.vc_custom_1690809776776{margin-bottom: 30px !important;}&#8221;][vc_column width=&#8221;1\/12&#8243;][\/vc_column][vc_column width=&#8221;4\/6&#8243;][vc_column_text]<a href=\"https:\/\/www.anno-union.com\/\/content\/uploads\/2023\/07\/modding-FAQ-breaker-1.jpg\"><img loading=\"lazy\" decoding=\"async\" class=\"aligncenter size-full wp-image-18370\" src=\"https:\/\/www.anno-union.com\/\/content\/uploads\/2023\/07\/modding-FAQ-breaker-1.jpg\" alt=\"\" width=\"1400\" height=\"284\" srcset=\"https:\/\/www.anno-union.com\/wp\/wp-content\/uploads\/2023\/07\/modding-FAQ-breaker-1.jpg 1400w, https:\/\/www.anno-union.com\/wp\/wp-content\/uploads\/2023\/07\/modding-FAQ-breaker-1-300x61.jpg 300w, https:\/\/www.anno-union.com\/wp\/wp-content\/uploads\/2023\/07\/modding-FAQ-breaker-1-768x156.jpg 768w\" sizes=\"(max-width: 1400px) 100vw, 1400px\" \/><\/a>[\/vc_column_text][\/vc_column][vc_column width=&#8221;1\/6&#8243;][\/vc_column][\/vc_row][vc_row css=&#8221;.vc_custom_1690809783143{margin-bottom: 30px !important;}&#8221;][vc_column width=&#8221;1\/12&#8243;][\/vc_column][vc_column width=&#8221;4\/6&#8243;][vc_column_text]<\/p>\n<h2>Ich habe eine Mod zu einem Spielstand hinzugef\u00fcgt und jetzt ist mein Spielstand kaputt. Was soll ich tun?<\/h2>\n<p>Ihr k\u00f6nnt Mods zwar wieder aus einem Spielstand entfernen, aber Mods hinterlassen Spuren in eurem Spielstand.<br \/>\nEs ist am besten, zu einem Spielstand zur\u00fcckzukehren, von bevor ihr die problematische Mod hinzugef\u00fcgt habt.<\/p>\n<h2>Was passiert, wenn ich mehrere Versionen derselben Mod installiert habe?<\/h2>\n<p>Die meisten Mods haben Versions- und ID-Informationen. Wenn das der Fall ist, wird das Spiel die neueste Version erkennen und nur diese laden.[\/vc_column_text][\/vc_column][vc_column width=&#8221;1\/6&#8243;][\/vc_column][\/vc_row][vc_row css=&#8221;.vc_custom_1690809790516{margin-bottom: 30px !important;}&#8221;][vc_column width=&#8221;1\/12&#8243;][\/vc_column][vc_column width=&#8221;4\/6&#8243;][vc_column_text]<\/p>\n<h2>Ich habe eine Mod hinzugef\u00fcgt, aber sie wird im Spiel nicht angezeigt<\/h2>\n<p>Viele Mods werden erst sp\u00e4ter im Spiel freigeschaltet und sind zu Beginn des Spiels nicht sichtbar. Vor allem Mods, die den Kreativmodus nicht explizit unterst\u00fctzen, werden erst unter den normalen Bedingungen freigeschaltet, funktionieren aber normalerweise.<\/p>\n<p>Der beste Weg, um zu \u00fcberpr\u00fcfen, ob ein Mod richtig geladen ist, ist die Logdatei.<\/p>\n<h2>Gibt es eine Logdatei, in der ich Mod-Probleme sehen kann?<\/h2>\n<p>Es gibt eine Log-Datei an folgendem Ort:<\/p>\n<p>&lt;Benutzer&gt;\\Dokumente\\Anno 1800\\log\\mod-loader.log<\/p>\n<p>Ihr k\u00f6nnt alle geladenen Mods sehen, aus welchem Ordner, die Versionsinformationen, in welcher Reihenfolge und ob es irgendwelche Warnungen und Probleme mit der Mod gibt.<\/p>\n<p>Warnungen und Fehler sind nur Indikatoren f\u00fcr Probleme. Es gibt keine garantierte Infos dazu, ob ein Mod funktioniert oder nicht.[\/vc_column_text][\/vc_column][vc_column width=&#8221;1\/6&#8243;][\/vc_column][\/vc_row][vc_row css=&#8221;.vc_custom_1690809796909{margin-bottom: 30px !important;}&#8221;][vc_column width=&#8221;1\/12&#8243;][\/vc_column][vc_column width=&#8221;4\/6&#8243;][vc_column_text]<\/p>\n<h2>Ich m\u00f6chte selbst eine Mod erstellen, gibt es Informationen dar\u00fcber, wie man anf\u00e4ngt?<\/h2>\n<p>Unsere gro\u00dfartige Modding-Community hat einige Anleitungen f\u00fcr alle erstellt, die ins Modding von Anno 1800 einsteigen wollen. Zwei gute Anlaufstellen sind diese Seite auf GitHub (https:\/\/github.com\/anno-mods\/modding-guide) oder diese \u00dcbersicht auf der Seite von schwubbe (https:\/\/schwubbe.de\/modding_blog.php).[\/vc_column_text][\/vc_column][vc_column width=&#8221;1\/6&#8243;][\/vc_column][\/vc_row][vc_row css=&#8221;.vc_custom_1690809804279{margin-bottom: 25px !important;}&#8221;][vc_column width=&#8221;1\/12&#8243;][\/vc_column][vc_column width=&#8221;4\/6&#8243;][vc_column_text]<\/p>\n<h2>Gibt es irgendwelche Plattformen, auf denen man sich mit anderen Moddern austauschen kann, um Hilfe oder Ratschl\u00e4ge zu erhalten?<\/h2>\n<p>Ein guter Ort, um \u00fcber alles zu diskutieren, was mit Mods zu tun hat, ist der von der Community verwaltete Modding-Discord-Server, dem ihr \u00fcber diesen Link beitreten k\u00f6nnt: https:\/\/discord.gg\/rJA6Jm5[\/vc_column_text][\/vc_column][vc_column width=&#8221;1\/6&#8243;][\/vc_column][\/vc_row][vc_row][vc_column]\n        <div class=\"header-margin\"><\/div>\n        [\/vc_column][\/vc_row]<\/p>\n<\/div>","protected":false},"excerpt":{"rendered":"<p>[vc_row][vc_column][\/vc_column][\/vc_row][vc_row][vc_column width=&#8221;1\/12&#8243; css=&#8221;.vc_custom_1690556797913{margin-top: 80px !important;}&#8221;][\/vc_column][vc_column width=&#8221;4\/6&#8243;][\/vc_column][vc_column width=&#8221;1\/6&#8243;][\/vc_column][\/vc_row][vc_row css=&#8221;.vc_custom_1690809699840{margin-bottom: 35px !important;}&#8221;][vc_column width=&#8221;1\/12&#8243; css=&#8221;.vc_custom_1690556812006{margin-bottom: 30px !important;}&#8221;][\/vc_column][vc_column width=&#8221;4\/6&#8243;][vc_column_text]Die Modding-Community f\u00fcr Anno 1800 hat in den letzten Jahren einige wirklich beeindruckende Mods geschaffen: Von Ornamenten \u00fcber Balance-Tweaks und Schiffsskins bis hin zu neuen Mechaniken und ganzen Produktionsketten! Mit unseren letzten Updates in diesem Jahr wollen wir es noch einfacher [&hellip;]<\/p>\n","protected":false},"author":34684,"featured_media":0,"parent":0,"menu_order":0,"comment_status":"closed","ping_status":"closed","template":"","meta":{"_acf_changed":false,"footnotes":""},"acf":[],"yoast_head":"<!-- This site is optimized with the Yoast SEO Premium plugin v22.8 (Yoast SEO v22.8) - https:\/\/yoast.com\/wordpress\/plugins\/seo\/ -->\n<title>Modding in Anno 1800 - FAQ - Anno Union<\/title>\n<meta name=\"robots\" content=\"index, follow, max-snippet:-1, max-image-preview:large, max-video-preview:-1\" \/>\n<link rel=\"canonical\" href=\"https:\/\/www.anno-union.com\/de\/modding-in-anno-1800-faq\/\" \/>\n<meta property=\"og:locale\" content=\"de_DE\" \/>\n<meta property=\"og:type\" content=\"article\" \/>\n<meta property=\"og:title\" content=\"Modding in Anno 1800 - FAQ\" \/>\n<meta property=\"og:description\" content=\"[vc_row][vc_column][\/vc_column][\/vc_row][vc_row][vc_column width=&#8221;1\/12&#8243; css=&#8221;.vc_custom_1690556797913{margin-top: 80px !important;}&#8221;][\/vc_column][vc_column width=&#8221;4\/6&#8243;][\/vc_column][vc_column width=&#8221;1\/6&#8243;][\/vc_column][\/vc_row][vc_row css=&#8221;.vc_custom_1690809699840{margin-bottom: 35px !important;}&#8221;][vc_column width=&#8221;1\/12&#8243; css=&#8221;.vc_custom_1690556812006{margin-bottom: 30px !important;}&#8221;][\/vc_column][vc_column width=&#8221;4\/6&#8243;][vc_column_text]Die Modding-Community f\u00fcr Anno 1800 hat in den letzten Jahren einige wirklich beeindruckende Mods geschaffen: Von Ornamenten \u00fcber Balance-Tweaks und Schiffsskins bis hin zu neuen Mechaniken und ganzen Produktionsketten! Mit unseren letzten Updates in diesem Jahr wollen wir es noch einfacher [&hellip;]\" \/>\n<meta property=\"og:url\" content=\"https:\/\/www.anno-union.com\/de\/modding-in-anno-1800-faq\/\" \/>\n<meta property=\"og:site_name\" content=\"Anno Union\" \/>\n<meta property=\"article:modified_time\" content=\"2023-08-22T16:00:37+00:00\" \/>\n<meta property=\"og:image\" content=\"https:\/\/www.anno-union.com\/\/content\/uploads\/2023\/07\/modding-FAQ-breaker-2.jpg\" \/>\n<meta name=\"twitter:card\" content=\"summary_large_image\" \/>\n<meta name=\"twitter:label1\" content=\"Est. reading time\" \/>\n\t<meta name=\"twitter:data1\" content=\"7 minutes\" \/>\n<script type=\"application\/ld+json\" class=\"yoast-schema-graph\">{\"@context\":\"https:\/\/schema.org\",\"@graph\":[{\"@type\":\"WebPage\",\"@id\":\"https:\/\/www.anno-union.com\/de\/modding-in-anno-1800-faq\/\",\"url\":\"https:\/\/www.anno-union.com\/de\/modding-in-anno-1800-faq\/\",\"name\":\"Modding in Anno 1800 - FAQ - Anno Union\",\"isPartOf\":{\"@id\":\"https:\/\/www.anno-union.com\/#website\"},\"primaryImageOfPage\":{\"@id\":\"https:\/\/www.anno-union.com\/de\/modding-in-anno-1800-faq\/#primaryimage\"},\"image\":{\"@id\":\"https:\/\/www.anno-union.com\/de\/modding-in-anno-1800-faq\/#primaryimage\"},\"thumbnailUrl\":\"https:\/\/www.anno-union.com\/\/content\/uploads\/2023\/07\/modding-FAQ-breaker-2.jpg\",\"datePublished\":\"2023-07-31T15:44:51+00:00\",\"dateModified\":\"2023-08-22T16:00:37+00:00\",\"breadcrumb\":{\"@id\":\"https:\/\/www.anno-union.com\/de\/modding-in-anno-1800-faq\/#breadcrumb\"},\"inLanguage\":\"de-DE\",\"potentialAction\":[{\"@type\":\"ReadAction\",\"target\":[\"https:\/\/www.anno-union.com\/de\/modding-in-anno-1800-faq\/\"]}]},{\"@type\":\"ImageObject\",\"inLanguage\":\"de-DE\",\"@id\":\"https:\/\/www.anno-union.com\/de\/modding-in-anno-1800-faq\/#primaryimage\",\"url\":\"https:\/\/www.anno-union.com\/\/content\/uploads\/2023\/07\/modding-FAQ-breaker-2.jpg\",\"contentUrl\":\"https:\/\/www.anno-union.com\/\/content\/uploads\/2023\/07\/modding-FAQ-breaker-2.jpg\"},{\"@type\":\"BreadcrumbList\",\"@id\":\"https:\/\/www.anno-union.com\/de\/modding-in-anno-1800-faq\/#breadcrumb\",\"itemListElement\":[{\"@type\":\"ListItem\",\"position\":1,\"name\":\"Startseite\",\"item\":\"https:\/\/www.anno-union.com\/de\/\"},{\"@type\":\"ListItem\",\"position\":2,\"name\":\"Modding in Anno 1800 &#8211; FAQ\"}]},{\"@type\":\"WebSite\",\"@id\":\"https:\/\/www.anno-union.com\/#website\",\"url\":\"https:\/\/www.anno-union.com\/\",\"name\":\"Anno Union\",\"description\":\"\",\"potentialAction\":[{\"@type\":\"SearchAction\",\"target\":{\"@type\":\"EntryPoint\",\"urlTemplate\":\"https:\/\/www.anno-union.com\/?s={search_term_string}\"},\"query-input\":\"required name=search_term_string\"}],\"inLanguage\":\"de-DE\"}]}<\/script>\n<!-- \/ Yoast SEO Premium plugin. -->","yoast_head_json":{"title":"Modding in Anno 1800 - FAQ - Anno Union","robots":{"index":"index","follow":"follow","max-snippet":"max-snippet:-1","max-image-preview":"max-image-preview:large","max-video-preview":"max-video-preview:-1"},"canonical":"https:\/\/www.anno-union.com\/de\/modding-in-anno-1800-faq\/","og_locale":"de_DE","og_type":"article","og_title":"Modding in Anno 1800 - FAQ","og_description":"[vc_row][vc_column][\/vc_column][\/vc_row][vc_row][vc_column width=&#8221;1\/12&#8243; css=&#8221;.vc_custom_1690556797913{margin-top: 80px !important;}&#8221;][\/vc_column][vc_column width=&#8221;4\/6&#8243;][\/vc_column][vc_column width=&#8221;1\/6&#8243;][\/vc_column][\/vc_row][vc_row css=&#8221;.vc_custom_1690809699840{margin-bottom: 35px !important;}&#8221;][vc_column width=&#8221;1\/12&#8243; css=&#8221;.vc_custom_1690556812006{margin-bottom: 30px !important;}&#8221;][\/vc_column][vc_column width=&#8221;4\/6&#8243;][vc_column_text]Die Modding-Community f\u00fcr Anno 1800 hat in den letzten Jahren einige wirklich beeindruckende Mods geschaffen: Von Ornamenten \u00fcber Balance-Tweaks und Schiffsskins bis hin zu neuen Mechaniken und ganzen Produktionsketten! Mit unseren letzten Updates in diesem Jahr wollen wir es noch einfacher [&hellip;]","og_url":"https:\/\/www.anno-union.com\/de\/modding-in-anno-1800-faq\/","og_site_name":"Anno Union","article_modified_time":"2023-08-22T16:00:37+00:00","og_image":[{"url":"https:\/\/www.anno-union.com\/\/content\/uploads\/2023\/07\/modding-FAQ-breaker-2.jpg"}],"twitter_card":"summary_large_image","twitter_misc":{"Est. reading time":"7 minutes"},"schema":{"@context":"https:\/\/schema.org","@graph":[{"@type":"WebPage","@id":"https:\/\/www.anno-union.com\/de\/modding-in-anno-1800-faq\/","url":"https:\/\/www.anno-union.com\/de\/modding-in-anno-1800-faq\/","name":"Modding in Anno 1800 - FAQ - Anno Union","isPartOf":{"@id":"https:\/\/www.anno-union.com\/#website"},"primaryImageOfPage":{"@id":"https:\/\/www.anno-union.com\/de\/modding-in-anno-1800-faq\/#primaryimage"},"image":{"@id":"https:\/\/www.anno-union.com\/de\/modding-in-anno-1800-faq\/#primaryimage"},"thumbnailUrl":"https:\/\/www.anno-union.com\/\/content\/uploads\/2023\/07\/modding-FAQ-breaker-2.jpg","datePublished":"2023-07-31T15:44:51+00:00","dateModified":"2023-08-22T16:00:37+00:00","breadcrumb":{"@id":"https:\/\/www.anno-union.com\/de\/modding-in-anno-1800-faq\/#breadcrumb"},"inLanguage":"de-DE","potentialAction":[{"@type":"ReadAction","target":["https:\/\/www.anno-union.com\/de\/modding-in-anno-1800-faq\/"]}]},{"@type":"ImageObject","inLanguage":"de-DE","@id":"https:\/\/www.anno-union.com\/de\/modding-in-anno-1800-faq\/#primaryimage","url":"https:\/\/www.anno-union.com\/\/content\/uploads\/2023\/07\/modding-FAQ-breaker-2.jpg","contentUrl":"https:\/\/www.anno-union.com\/\/content\/uploads\/2023\/07\/modding-FAQ-breaker-2.jpg"},{"@type":"BreadcrumbList","@id":"https:\/\/www.anno-union.com\/de\/modding-in-anno-1800-faq\/#breadcrumb","itemListElement":[{"@type":"ListItem","position":1,"name":"Startseite","item":"https:\/\/www.anno-union.com\/de\/"},{"@type":"ListItem","position":2,"name":"Modding in Anno 1800 &#8211; FAQ"}]},{"@type":"WebSite","@id":"https:\/\/www.anno-union.com\/#website","url":"https:\/\/www.anno-union.com\/","name":"Anno Union","description":"","potentialAction":[{"@type":"SearchAction","target":{"@type":"EntryPoint","urlTemplate":"https:\/\/www.anno-union.com\/?s={search_term_string}"},"query-input":"required name=search_term_string"}],"inLanguage":"de-DE"}]}},"_links":{"self":[{"href":"https:\/\/www.anno-union.com\/de\/wp-json\/wp\/v2\/pages\/18373"}],"collection":[{"href":"https:\/\/www.anno-union.com\/de\/wp-json\/wp\/v2\/pages"}],"about":[{"href":"https:\/\/www.anno-union.com\/de\/wp-json\/wp\/v2\/types\/page"}],"author":[{"embeddable":true,"href":"https:\/\/www.anno-union.com\/de\/wp-json\/wp\/v2\/users\/34684"}],"replies":[{"embeddable":true,"href":"https:\/\/www.anno-union.com\/de\/wp-json\/wp\/v2\/comments?post=18373"}],"version-history":[{"count":0,"href":"https:\/\/www.anno-union.com\/de\/wp-json\/wp\/v2\/pages\/18373\/revisions"}],"wp:attachment":[{"href":"https:\/\/www.anno-union.com\/de\/wp-json\/wp\/v2\/media?parent=18373"}],"curies":[{"name":"wp","href":"https:\/\/api.w.org\/{rel}","templated":true}]}}