{"id":18363,"date":"2023-07-31T18:24:11","date_gmt":"2023-07-31T16:24:11","guid":{"rendered":"https:\/\/staging.anno-union.com\/?page_id=18363"},"modified":"2023-09-18T11:28:32","modified_gmt":"2023-09-18T09:28:32","slug":"mods","status":"publish","type":"page","link":"https:\/\/www.anno-union.com\/de\/mods\/","title":{"rendered":"Modding"},"content":{"rendered":"<div class=\"wpb-content-wrapper\"><p>[vc_row css=&#8221;.vc_custom_1690320480857{margin-top: 80px !important;}&#8221;][vc_column]\n            <section class=\"studios-games-heading\">\n                <div class=\"container\">\n                    <div class=\"row\">\n                        <div class=\"col-md-8\">\n                            <h2 class=\"h2\">Anno 1800 &amp; Modding<\/h2>\n                        <\/div>\n                        <div class=\"col-md-4\">\n                            <p>Diese Seite ist allem gewidmet, was mit Modding f\u00fcr Anno 1800 zu tun hat.<br \/>\nHier findet ihr Links zu weiteren Ressourcen rund um das Thema Modding sowie den neuen Mod-Browser. Schaut euch alle auf mod.io verf\u00fcgbaren Mods an, abonniert eure Favoriten und verwendet sie in eurem Spiel!<\/p>\n                        <\/div>\n                    <\/div>\n                <\/div>\n          <\/section>[\/vc_column][\/vc_row][vc_row css=&#8221;.vc_custom_1690300420412{margin-bottom: 50px !important;}&#8221;][vc_column][vc_column_text]Mit dem integrierten Mod-Loader sowie dem Mod-Browser in Zusammenarbeit mit <a href=\"https:\/\/mod.io\/\"><strong>mod.io<\/strong><\/a> war es noch nie so einfach, Mods in eurem Spiel zu verwenden!<\/p>\n<p>Es gibt bereits Dutzende von fantastischen Kreationen der Anno-Community, von neuen Geb\u00e4uden und Produktionsketten bis hin zu Ornamenten, Balancing-\u00c4nderungen und diversen kleineren und gr\u00f6\u00dferen Tweaks. Diese Seite soll euch alle Informationen und Ressourcen zu Mods und Modding liefern.<\/p>\n<p>&nbsp;<\/p>\n<h1>Fragen &amp; Antworten rund ums Thema Modding<\/h1>\n<p>Wenn ihr Fragen zu Mods und nutzergenerierten Inhalten f\u00fcr Anno 1800 im Allgemeinen oder zum Mod-Browser und <strong>mod.io<\/strong> im Speziellen habt, haben wir einen Artikel mit Antworten auf die am h\u00e4ufigsten gestellten Fragen zusammengestellt.<\/p>\n<ul>\n<li><strong><a href=\"https:\/\/www.anno-union.com\/de\/anno-1800-x-mod-io-mod-support-faq\"> Ihr findet ihn hier<\/a><\/strong>.<\/li>\n<\/ul>\n<p>Ihr habt Fragen zur Nutzung oder Erstellung von Mods f\u00fcr Anno 1800 und sucht nach weiteren Informationen? Eine gute Anlaufstelle ist der von der Community verwaltete Modding-Discord-Server<\/p>\n<ul>\n<li><strong><a href=\"https:\/\/discord.gg\/rJA6Jm5\">Tretet ihm \u00fcber diesen Link bei<\/a><\/strong><\/li>\n<\/ul>\n<p>F\u00fcr Antworten auf einige h\u00e4ufig gestellte Fragen sowie weitere Links zu n\u00fctzlichen Ressourcen f\u00fcr Mod-Nutzer und Modder haben wir eine eigene Seite eingerichtet.<\/p>\n<ul>\n<li><strong><a href=\"https:\/\/www.anno-union.com\/de\/modding-in-anno-1800-faq\">Klickt einfach hier<\/a><\/strong><\/li>\n<\/ul>\n<p>&nbsp;<\/p>\n<h1>Mod browser von mod.io<\/h1>\n<p>Scrollt durch alle verf\u00fcgbaren Mods unterhalb. Meldet euch an, um Mods zu abonnieren, damit sie beim n\u00e4chsten Spielstart automatisch heruntergeladen werden &#8211; vorausgesetzt, ihr habt euch auch im Spiel in den Mod-Browser eingeloggt.[\/vc_column_text][\/vc_column][\/vc_row][vc_row][vc_column][vc_column_text]<div class=\"BorlabsCookie _brlbs-cb-modbrowser\"><div class=\"_brlbs-content-blocker\"> <div class=\"_brlbs-default\"> <p>Click on the button to load the content from mod.io mod browser.<\/p> <p><a class=\"_brlbs-btn\" href=\"#\" data-borlabs-cookie-unblock role=\"button\">Load content<\/a><\/p> <\/div> <\/div><div class=\"borlabs-hide\" data-borlabs-cookie-type=\"content-blocker\" data-borlabs-cookie-id=\"modbrowser\"><script type=\"text\/template\">PGlmcmFtZSBsb2FkaW5nPSJsYXp5IiBpZD0ibW9kaW9fZW1iZWQiIHNyYz0iaHR0cHM6Ly9hbm5vdW5pb24ubW9kaHViLmlvIiB3aWR0aD0iMTAwJSIgaGVpZ2h0PSIxMDAwIiBmcmFtZWJvcmRlcj0iMCIgc2Nyb2xsaW5nPSJubyI+PC9pZnJhbWU+<\/script><\/div><\/div><br \/>\n<script>\nwindow.addEventListener('message', (e) => {\ndocument.getElementById('modio_embed').style.height = `${e.data.height}px`\n})\n<\/script>[\/vc_column_text][\/vc_column][\/vc_row]<\/p>\n<\/div>","protected":false},"excerpt":{"rendered":"<p>[vc_row css=&#8221;.vc_custom_1690320480857{margin-top: 80px !important;}&#8221;][vc_column][\/vc_column][\/vc_row][vc_row css=&#8221;.vc_custom_1690300420412{margin-bottom: 50px !important;}&#8221;][vc_column][vc_column_text]Mit dem integrierten Mod-Loader sowie dem Mod-Browser in Zusammenarbeit mit mod.io war es noch nie so einfach, Mods in eurem Spiel zu verwenden! Es gibt bereits Dutzende von fantastischen Kreationen der Anno-Community, von neuen Geb\u00e4uden und Produktionsketten bis hin zu Ornamenten, Balancing-\u00c4nderungen und diversen kleineren und gr\u00f6\u00dferen Tweaks. Diese [&hellip;]<\/p>\n","protected":false},"author":34684,"featured_media":0,"parent":0,"menu_order":0,"comment_status":"closed","ping_status":"closed","template":"","meta":{"_acf_changed":false,"footnotes":""},"acf":[],"yoast_head":"<!-- This site is optimized with the Yoast SEO Premium plugin v22.8 (Yoast SEO v22.8) - https:\/\/yoast.com\/wordpress\/plugins\/seo\/ -->\n<title>Modding - Anno Union<\/title>\n<meta name=\"robots\" content=\"index, follow, max-snippet:-1, max-image-preview:large, max-video-preview:-1\" \/>\n<link rel=\"canonical\" href=\"https:\/\/www.anno-union.com\/de\/mods\/\" \/>\n<meta property=\"og:locale\" content=\"de_DE\" \/>\n<meta property=\"og:type\" content=\"article\" \/>\n<meta property=\"og:title\" content=\"Modding\" \/>\n<meta property=\"og:description\" content=\"[vc_row css=&#8221;.vc_custom_1690320480857{margin-top: 80px !important;}&#8221;][vc_column][\/vc_column][\/vc_row][vc_row css=&#8221;.vc_custom_1690300420412{margin-bottom: 50px !important;}&#8221;][vc_column][vc_column_text]Mit dem integrierten Mod-Loader sowie dem Mod-Browser in Zusammenarbeit mit mod.io war es noch nie so einfach, Mods in eurem Spiel zu verwenden! Es gibt bereits Dutzende von fantastischen Kreationen der Anno-Community, von neuen Geb\u00e4uden und Produktionsketten bis hin zu Ornamenten, Balancing-\u00c4nderungen und diversen kleineren und gr\u00f6\u00dferen Tweaks. Diese [&hellip;]\" \/>\n<meta property=\"og:url\" content=\"https:\/\/www.anno-union.com\/de\/mods\/\" \/>\n<meta property=\"og:site_name\" content=\"Anno Union\" \/>\n<meta property=\"article:modified_time\" content=\"2023-09-18T09:28:32+00:00\" \/>\n<meta name=\"twitter:card\" content=\"summary_large_image\" \/>\n<meta name=\"twitter:label1\" content=\"Est. reading time\" \/>\n\t<meta name=\"twitter:data1\" content=\"2 minutes\" \/>\n<script type=\"application\/ld+json\" class=\"yoast-schema-graph\">{\"@context\":\"https:\/\/schema.org\",\"@graph\":[{\"@type\":\"WebPage\",\"@id\":\"https:\/\/www.anno-union.com\/de\/mods\/\",\"url\":\"https:\/\/www.anno-union.com\/de\/mods\/\",\"name\":\"Modding - Anno Union\",\"isPartOf\":{\"@id\":\"https:\/\/www.anno-union.com\/#website\"},\"datePublished\":\"2023-07-31T16:24:11+00:00\",\"dateModified\":\"2023-09-18T09:28:32+00:00\",\"breadcrumb\":{\"@id\":\"https:\/\/www.anno-union.com\/de\/mods\/#breadcrumb\"},\"inLanguage\":\"de-DE\",\"potentialAction\":[{\"@type\":\"ReadAction\",\"target\":[\"https:\/\/www.anno-union.com\/de\/mods\/\"]}]},{\"@type\":\"BreadcrumbList\",\"@id\":\"https:\/\/www.anno-union.com\/de\/mods\/#breadcrumb\",\"itemListElement\":[{\"@type\":\"ListItem\",\"position\":1,\"name\":\"Startseite\",\"item\":\"https:\/\/www.anno-union.com\/de\/\"},{\"@type\":\"ListItem\",\"position\":2,\"name\":\"Modding\"}]},{\"@type\":\"WebSite\",\"@id\":\"https:\/\/www.anno-union.com\/#website\",\"url\":\"https:\/\/www.anno-union.com\/\",\"name\":\"Anno Union\",\"description\":\"\",\"potentialAction\":[{\"@type\":\"SearchAction\",\"target\":{\"@type\":\"EntryPoint\",\"urlTemplate\":\"https:\/\/www.anno-union.com\/?s={search_term_string}\"},\"query-input\":\"required name=search_term_string\"}],\"inLanguage\":\"de-DE\"}]}<\/script>\n<!-- \/ Yoast SEO Premium plugin. -->","yoast_head_json":{"title":"Modding - Anno Union","robots":{"index":"index","follow":"follow","max-snippet":"max-snippet:-1","max-image-preview":"max-image-preview:large","max-video-preview":"max-video-preview:-1"},"canonical":"https:\/\/www.anno-union.com\/de\/mods\/","og_locale":"de_DE","og_type":"article","og_title":"Modding","og_description":"[vc_row css=&#8221;.vc_custom_1690320480857{margin-top: 80px !important;}&#8221;][vc_column][\/vc_column][\/vc_row][vc_row css=&#8221;.vc_custom_1690300420412{margin-bottom: 50px !important;}&#8221;][vc_column][vc_column_text]Mit dem integrierten Mod-Loader sowie dem Mod-Browser in Zusammenarbeit mit mod.io war es noch nie so einfach, Mods in eurem Spiel zu verwenden! Es gibt bereits Dutzende von fantastischen Kreationen der Anno-Community, von neuen Geb\u00e4uden und Produktionsketten bis hin zu Ornamenten, Balancing-\u00c4nderungen und diversen kleineren und gr\u00f6\u00dferen Tweaks. Diese [&hellip;]","og_url":"https:\/\/www.anno-union.com\/de\/mods\/","og_site_name":"Anno Union","article_modified_time":"2023-09-18T09:28:32+00:00","twitter_card":"summary_large_image","twitter_misc":{"Est. reading time":"2 minutes"},"schema":{"@context":"https:\/\/schema.org","@graph":[{"@type":"WebPage","@id":"https:\/\/www.anno-union.com\/de\/mods\/","url":"https:\/\/www.anno-union.com\/de\/mods\/","name":"Modding - Anno Union","isPartOf":{"@id":"https:\/\/www.anno-union.com\/#website"},"datePublished":"2023-07-31T16:24:11+00:00","dateModified":"2023-09-18T09:28:32+00:00","breadcrumb":{"@id":"https:\/\/www.anno-union.com\/de\/mods\/#breadcrumb"},"inLanguage":"de-DE","potentialAction":[{"@type":"ReadAction","target":["https:\/\/www.anno-union.com\/de\/mods\/"]}]},{"@type":"BreadcrumbList","@id":"https:\/\/www.anno-union.com\/de\/mods\/#breadcrumb","itemListElement":[{"@type":"ListItem","position":1,"name":"Startseite","item":"https:\/\/www.anno-union.com\/de\/"},{"@type":"ListItem","position":2,"name":"Modding"}]},{"@type":"WebSite","@id":"https:\/\/www.anno-union.com\/#website","url":"https:\/\/www.anno-union.com\/","name":"Anno Union","description":"","potentialAction":[{"@type":"SearchAction","target":{"@type":"EntryPoint","urlTemplate":"https:\/\/www.anno-union.com\/?s={search_term_string}"},"query-input":"required name=search_term_string"}],"inLanguage":"de-DE"}]}},"_links":{"self":[{"href":"https:\/\/www.anno-union.com\/de\/wp-json\/wp\/v2\/pages\/18363"}],"collection":[{"href":"https:\/\/www.anno-union.com\/de\/wp-json\/wp\/v2\/pages"}],"about":[{"href":"https:\/\/www.anno-union.com\/de\/wp-json\/wp\/v2\/types\/page"}],"author":[{"embeddable":true,"href":"https:\/\/www.anno-union.com\/de\/wp-json\/wp\/v2\/users\/34684"}],"replies":[{"embeddable":true,"href":"https:\/\/www.anno-union.com\/de\/wp-json\/wp\/v2\/comments?post=18363"}],"version-history":[{"count":0,"href":"https:\/\/www.anno-union.com\/de\/wp-json\/wp\/v2\/pages\/18363\/revisions"}],"wp:attachment":[{"href":"https:\/\/www.anno-union.com\/de\/wp-json\/wp\/v2\/media?parent=18363"}],"curies":[{"name":"wp","href":"https:\/\/api.w.org\/{rel}","templated":true}]}}