{"id":18362,"date":"2023-08-01T15:38:20","date_gmt":"2023-08-01T13:38:20","guid":{"rendered":"https:\/\/staging.anno-union.com\/?page_id=18362"},"modified":"2023-08-28T11:37:03","modified_gmt":"2023-08-28T09:37:03","slug":"anno-1800-x-mod-io-mod-support-faq","status":"publish","type":"page","link":"https:\/\/www.anno-union.com\/de\/anno-1800-x-mod-io-mod-support-faq\/","title":{"rendered":"Anno 1800 x mod.io &#8211; Mod Support FAQ"},"content":{"rendered":"<div class=\"wpb-content-wrapper\"><p>[vc_row][vc_column width=&#8221;1\/12&#8243;][\/vc_column][vc_column width=&#8221;4\/6&#8243;]\n        <div class=\"header-margin\"><\/div>\n        [\/vc_column][vc_column width=&#8221;1\/6&#8243;][\/vc_column][\/vc_row][vc_row][vc_column width=&#8221;1\/12&#8243;][\/vc_column][vc_column width=&#8221;4\/6&#8243;]\n            <section class=\"studios-games-heading\">\n                <div class=\"container\">\n                    <div class=\"row\">\n                        <div class=\"col-md-8\">\n                            <h2 class=\"h2\">Anno 1800 &amp; mod.io - FAQ<\/h2>\n                        <\/div>\n                        <div class=\"col-md-4\">\n                            <p><\/p>\n                        <\/div>\n                    <\/div>\n                <\/div>\n          <\/section>[\/vc_column][vc_column width=&#8221;1\/6&#8243;][\/vc_column][\/vc_row][vc_row css=&#8221;.vc_custom_1690557178396{margin-bottom: 25px !important;}&#8221;][vc_column width=&#8221;1\/12&#8243;][\/vc_column][vc_column width=&#8221;4\/6&#8243;][vc_column_text]<strong>F: Was ist mod.io und wie profitieren die Spieler von Anno 1800 davon?<\/strong><\/p>\n<p>mod.io ist eine Plattform f\u00fcr benutzergenerierte Inhalte (User Generated Content = UGC), die das Einreichen, Bereitstellen und den Zugang zu von Spielern erstellten Anno 1800-Mods f\u00fcr PC-Spieler \u00fcber Ubisoft Connect, Steam und den Epic Games Store erm\u00f6glicht. Durch die Partnerschaft mit mod.io werden Anno 1800-Mods allen Spielern auf dem PC zug\u00e4nglich gemacht.[\/vc_column_text][\/vc_column][vc_column width=&#8221;1\/6&#8243;][\/vc_column][\/vc_row][vc_row css=&#8221;.vc_custom_1690557178396{margin-bottom: 25px !important;}&#8221;][vc_column width=&#8221;1\/12&#8243;][\/vc_column][vc_column width=&#8221;4\/6&#8243;][vc_column_text]<strong>F: Wie werden UGC in Anno 1800 funktionieren?<\/strong><\/p>\n<p>PC-Spieler von Anno 1800 werden auf Mods zugreifen k\u00f6nnen, indem sie den Browser im Hauptmen\u00fc ausw\u00e4hlen. Von dort aus werden die Spieler in der Lage sein, von Spielern erstellte Inhalte zu durchsuchen, zu abonnieren, herunterzuladen und zu spielen.[\/vc_column_text][\/vc_column][vc_column width=&#8221;1\/6&#8243;][\/vc_column][\/vc_row][vc_row css=&#8221;.vc_custom_1690557178396{margin-bottom: 25px !important;}&#8221;][vc_column width=&#8221;1\/12&#8243;][\/vc_column][vc_column width=&#8221;4\/6&#8243;][vc_column_text]<strong>F: Wann wird der Mod-Browser f\u00fcr Anno 1800 ver\u00f6ffentlicht?<\/strong><\/p>\n<p>PC-Spieler von Anno 1800 werden den Mod-Browser mit dem Game Update 18, das am 22. August 2023 um 15 Uhr erscheinen wird, in vollem Umfang nutzen k\u00f6nnen.[\/vc_column_text][\/vc_column][vc_column width=&#8221;1\/6&#8243;][\/vc_column][\/vc_row][vc_row css=&#8221;.vc_custom_1690557178396{margin-bottom: 25px !important;}&#8221;][vc_column width=&#8221;1\/12&#8243;][\/vc_column][vc_column width=&#8221;4\/6&#8243;][vc_column_text]<strong>F: Warum arbeiten Ubisoft und Anno 1800 mit mod.io zusammen, anstatt Nexus Mods oder den Steam Workshop zu nutzen?<\/strong><\/p>\n<p>Bei der Suche nach M\u00f6glichkeiten, unsere Modder zu feiern, wollten wir der gr\u00f6\u00dften Anzahl von PC-Spielern einen Weg bieten, Mods zu erleben. mod.io bietet eine L\u00f6sung direkt im Spiel, bei der neue Inhalte durchsucht und abonniert werden k\u00f6nnen. Dar\u00fcber hinaus betreibt mod.io die Integration des Modbrowsers auf Anno Union, um neue Inhalte und deren Ersteller auf der Anno Union (https:\/\/www.anno-union.com\/) vorzustellen. Es war uns wichtig, in unserem Jubil\u00e4umsjahr Erlebnisse im Spiel und au\u00dferhalb des Spiels zu schaffen, die die Community und die Spieler feiern.[\/vc_column_text][\/vc_column][vc_column width=&#8221;1\/6&#8243;][\/vc_column][\/vc_row][vc_row css=&#8221;.vc_custom_1690557178396{margin-bottom: 25px !important;}&#8221;][vc_column width=&#8221;1\/12&#8243;][\/vc_column][vc_column width=&#8221;4\/6&#8243;][vc_column_text]<a href=\"https:\/\/www.anno-union.com\/\/content\/uploads\/2023\/07\/modding-FAQ-breaker-2.jpg\"><img loading=\"lazy\" decoding=\"async\" class=\"aligncenter size-full wp-image-18368\" src=\"https:\/\/www.anno-union.com\/\/content\/uploads\/2023\/07\/modding-FAQ-breaker-2.jpg\" alt=\"\" width=\"1400\" height=\"284\" srcset=\"https:\/\/www.anno-union.com\/wp\/wp-content\/uploads\/2023\/07\/modding-FAQ-breaker-2.jpg 1400w, https:\/\/www.anno-union.com\/wp\/wp-content\/uploads\/2023\/07\/modding-FAQ-breaker-2-300x61.jpg 300w, https:\/\/www.anno-union.com\/wp\/wp-content\/uploads\/2023\/07\/modding-FAQ-breaker-2-768x156.jpg 768w\" sizes=\"(max-width: 1400px) 100vw, 1400px\" \/><\/a>[\/vc_column_text][\/vc_column][vc_column width=&#8221;1\/6&#8243;][\/vc_column][\/vc_row][vc_row css=&#8221;.vc_custom_1690557178396{margin-bottom: 25px !important;}&#8221;][vc_column width=&#8221;1\/12&#8243;][\/vc_column][vc_column width=&#8221;4\/6&#8243;][vc_column_text]<strong>F: Auf welchen Plattformen kann ich auf UGC zugreifen?<\/strong><\/p>\n<p>Nach dem Update werden Spieler auf Ubisoft Connect, Steam und dem Epic Games Store Zugang zu Mods haben, die von mod.io unterst\u00fctzt werden. Alle Spieler k\u00f6nnen eingereichte und genehmigte Mods im Spiel, in der Anno-Union oder direkt unter <a href=\"https:\/\/mod.io\/g\/anno-1800\">https:\/\/mod.io\/g\/anno-1800<\/a> einsehen.[\/vc_column_text][\/vc_column][vc_column width=&#8221;1\/6&#8243;][\/vc_column][\/vc_row][vc_row css=&#8221;.vc_custom_1690557178396{margin-bottom: 25px !important;}&#8221;][vc_column width=&#8221;1\/12&#8243;][\/vc_column][vc_column width=&#8221;4\/6&#8243;][vc_column_text]<strong>F: Welche Art von von Spielern erstellten Inhalten k\u00f6nnen wir erwarten?<\/strong><\/p>\n<p>Spieler k\u00f6nnen eine Vielzahl neuer Inhalte erstellen und mit anderen teilen, angefangen bei Geb\u00e4uden, Schiffen, Karten und \u00c4nderungen am Gameplay. Aufgrund der St\u00e4rke der Anno-Modding-Community freuen wir uns darauf, zu sehen, wie sich die Inhaltskategorien weiterentwickeln, wenn Spieler neue Wege entdecken, Anno 1800 zu erleben.[\/vc_column_text][\/vc_column][vc_column width=&#8221;1\/6&#8243;][\/vc_column][\/vc_row][vc_row css=&#8221;.vc_custom_1690557178396{margin-bottom: 25px !important;}&#8221;][vc_column width=&#8221;1\/12&#8243;][\/vc_column][vc_column width=&#8221;4\/6&#8243;][vc_column_text]<strong>F: Ben\u00f6tige ich einen mod.io-Account, um Anno 1800 UGC hoch- oder herunterzuladen?<\/strong><\/p>\n<p>Um f\u00fcr Anno 1800 erstellte Mods hochzuladen, m\u00fcssen sich die Ersteller bei mod.io anmelden, entweder direkt im Spiel in Anno 1800 oder \u00fcber mod.io. Das Anlegen eines Accounts erm\u00f6glicht es Moddern und Spielern, UGC zu ihrer Sammlung hinzuzuf\u00fcgen. Die Kontoerstellung ist einfach und erfordert eine E-Mail-Authentifizierung des Benutzers. Sobald ein mod.io-Benutzerkonto erstellt wurde, k\u00f6nnen Spieler UGC unter <a href=\"https:\/\/mod.io\/g\/anno-1800\">https:\/\/mod.io\/g\/anno-1800<\/a> durchsuchen, bewerten, kommentieren und abonnieren.[\/vc_column_text][\/vc_column][vc_column width=&#8221;1\/6&#8243;][\/vc_column][\/vc_row][vc_row css=&#8221;.vc_custom_1690557178396{margin-bottom: 25px !important;}&#8221;][vc_column width=&#8221;1\/12&#8243;][\/vc_column][vc_column width=&#8221;4\/6&#8243;][vc_column_text]<strong>F: Welche Plattformen werden benutzergenerierte Inhalte unterst\u00fctzen?<\/strong><\/p>\n<p>Mods werden nur f\u00fcr PC-Spieler von Anno 1800 verf\u00fcgbar sein.<br \/>\nWir freuen uns darauf, dass unsere Vision f\u00fcr UGC von PC-Spielern angenommen wird und sind offen f\u00fcr das Feedback unserer breiteren Fangemeinde.[\/vc_column_text][\/vc_column][vc_column width=&#8221;1\/6&#8243;][\/vc_column][\/vc_row][vc_row css=&#8221;.vc_custom_1690557178396{margin-bottom: 25px !important;}&#8221;][vc_column width=&#8221;1\/12&#8243;][\/vc_column][vc_column width=&#8221;4\/6&#8243;][vc_column_text]<strong>F: Wird sich das Erlebnis f\u00fcr Steam-Spieler im Vergleich zu Spielern, die Ubisoft Connect oder den Epic Games Store nutzen, unterscheiden?<\/strong><\/p>\n<p>Unser Ziel ist es, allen PC-Spielern das gleiche Erlebnis zu bieten.[\/vc_column_text][\/vc_column][vc_column width=&#8221;1\/6&#8243;][\/vc_column][\/vc_row][vc_row css=&#8221;.vc_custom_1690557178396{margin-bottom: 25px !important;}&#8221;][vc_column width=&#8221;1\/12&#8243;][\/vc_column][vc_column width=&#8221;4\/6&#8243;][vc_column_text]<strong>F: Wie kann ich meine nutzergenerierten Inhalte in Anno 1800 teilen?<\/strong><\/p>\n<p>Um eure Inhalte zu teilen, k\u00f6nnt ihr sie \u00fcber unsere mod.io-Seite hier hochladen: <a href=\"https:\/\/mod.io\/g\/anno-1800\">https:\/\/mod.io\/g\/anno-1800<\/a>, indem ihr auf die Schaltfl\u00e4che &#8220;Mod hinzuf\u00fcgen&#8221; klickt[\/vc_column_text][\/vc_column][vc_column width=&#8221;1\/6&#8243;][\/vc_column][\/vc_row][vc_row css=&#8221;.vc_custom_1690557178396{margin-bottom: 25px !important;}&#8221;][vc_column width=&#8221;1\/12&#8243;][\/vc_column][vc_column width=&#8221;4\/6&#8243;][vc_column_text]<strong>F: Wie finde ich neue nutzergenerierte Inhalte in Anno 1800 und wie kann ich darauf zugreifen?<\/strong><\/p>\n<p>Alle Spieler k\u00f6nnen eingereichte und genehmigte Mods im Spiel, hier auf der Anno-Union oder direkt unter <a href=\"https:\/\/mod.io\/g\/anno-1800\">https:\/\/mod.io\/g\/anno-1800<\/a> einsehen.[\/vc_column_text][\/vc_column][vc_column width=&#8221;1\/6&#8243;][\/vc_column][\/vc_row][vc_row css=&#8221;.vc_custom_1690557178396{margin-bottom: 25px !important;}&#8221;][vc_column width=&#8221;1\/12&#8243;][\/vc_column][vc_column width=&#8221;4\/6&#8243;][vc_column_text]<a href=\"https:\/\/www.anno-union.com\/\/content\/uploads\/2023\/07\/modding-FAQ-breaker-1.jpg\"><img loading=\"lazy\" decoding=\"async\" class=\"aligncenter size-full wp-image-18370\" src=\"https:\/\/www.anno-union.com\/\/content\/uploads\/2023\/07\/modding-FAQ-breaker-1.jpg\" alt=\"\" width=\"1400\" height=\"284\" srcset=\"https:\/\/www.anno-union.com\/wp\/wp-content\/uploads\/2023\/07\/modding-FAQ-breaker-1.jpg 1400w, https:\/\/www.anno-union.com\/wp\/wp-content\/uploads\/2023\/07\/modding-FAQ-breaker-1-300x61.jpg 300w, https:\/\/www.anno-union.com\/wp\/wp-content\/uploads\/2023\/07\/modding-FAQ-breaker-1-768x156.jpg 768w\" sizes=\"(max-width: 1400px) 100vw, 1400px\" \/><\/a>[\/vc_column_text][\/vc_column][vc_column width=&#8221;1\/6&#8243;][\/vc_column][\/vc_row][vc_row css=&#8221;.vc_custom_1690557178396{margin-bottom: 25px !important;}&#8221;][vc_column width=&#8221;1\/12&#8243;][\/vc_column][vc_column width=&#8221;4\/6&#8243;][vc_column_text]<strong>F: Kann ich entscheiden, welche installierten Mods f\u00fcr jeden einzelnen Spielstand verwendet werden sollen?<\/strong><\/p>\n<p>Ihr k\u00f6nnt die Auswahl der aktiven Mods vor jedem neuen und gespeicherten Spiel \u00e4ndern. Wenn ein Spielstand bereits eine andere Auswahl als eure aktuelle Auswahl hat, habt ihr die M\u00f6glichkeit, die aktiven Mods zu \u00e4ndern oder die Mods aus dem Spielstand neu zu laden.[\/vc_column_text][\/vc_column][vc_column width=&#8221;1\/6&#8243;][\/vc_column][\/vc_row][vc_row css=&#8221;.vc_custom_1690557178396{margin-bottom: 25px !important;}&#8221;][vc_column width=&#8221;1\/12&#8243;][\/vc_column][vc_column width=&#8221;4\/6&#8243;][vc_column_text]<strong>F: Wo werden die Mods abgespeichert?<\/strong><\/p>\n<p>Alle Mods, die ihr \u00fcber den Mod-Browser abonniert habt, werden gespeichert unter: C:\\Benutzer\\Public\\mod.io\\4169\\mods[\/vc_column_text][\/vc_column][vc_column width=&#8221;1\/6&#8243;][\/vc_column][\/vc_row][vc_row css=&#8221;.vc_custom_1690557178396{margin-bottom: 25px !important;}&#8221;][vc_column width=&#8221;1\/12&#8243;][\/vc_column][vc_column width=&#8221;4\/6&#8243;][vc_column_text]<strong>F: Wie kann ich Mods deinstallieren?<\/strong><\/p>\n<p>Mods werden deinstalliert, wenn ihr euch im Mod-Browser von ihnen abmeldet.<\/p>\n<p>Au\u00dferdem k\u00f6nnt ihr eine Mod vor\u00fcbergehend deaktivieren, damit sie f\u00fcr das n\u00e4chste Spiel inaktiv ist, aber nicht direkt deinstalliert wird.[\/vc_column_text][\/vc_column][vc_column width=&#8221;1\/6&#8243;][\/vc_column][\/vc_row][vc_row css=&#8221;.vc_custom_1690557178396{margin-bottom: 25px !important;}&#8221;][vc_column width=&#8221;1\/12&#8243;][\/vc_column][vc_column width=&#8221;4\/6&#8243;][vc_column_text]<strong>F: Ist es m\u00f6glich, Mods im Multiplayer zu verwenden?<\/strong><\/p>\n<p>Es ist m\u00f6glich, benutzergenerierte Inhalte im Mehrspielermodus zu verwenden, aber nur, wenn alle Spieler genau die gleichen Mods verwenden. Anno 1800 wird die Spieler benachrichtigen, wenn ihr Mod-Setup nicht mit dem des Hosts \u00fcbereinstimmt.[\/vc_column_text][\/vc_column][vc_column width=&#8221;1\/6&#8243;][\/vc_column][\/vc_row][vc_row css=&#8221;.vc_custom_1690557178396{margin-bottom: 25px !important;}&#8221;][vc_column width=&#8221;1\/12&#8243;][\/vc_column][vc_column width=&#8221;4\/6&#8243;][vc_column_text]<strong>F: Was muss ich bei der Verwendung von UGC beachten?<\/strong><\/p>\n<p>Mods werden von anderen Spielern erstellt und nicht vom Anno-Entwicklerteam. Das bedeutet, dass wir nicht garantieren k\u00f6nnen, dass diese Mods korrekt funktionieren und keine Probleme oder Bugs verursachen.<\/p>\n<p>Bitte beachtet auch, dass nicht alle Mods miteinander kompatibel sind, und dass einige Mods zus\u00e4tzliche Mods oder Tools ben\u00f6tigen, um zu funktionieren. Oft geben die Mod-Ersteller diese Informationen in der Beschreibung ihres Projekts an.[\/vc_column_text][\/vc_column][vc_column width=&#8221;1\/6&#8243;][\/vc_column][\/vc_row][vc_row css=&#8221;.vc_custom_1690557178396{margin-bottom: 25px !important;}&#8221;][vc_column width=&#8221;1\/12&#8243;][\/vc_column][vc_column width=&#8221;4\/6&#8243;][vc_column_text]<strong>F: Was ist, wenn ein Mod nicht funktioniert \/ Probleme hat? Wen muss ich kontaktieren?<\/strong><\/p>\n<p>Wenn ihr nach der Aktivierung eines Mods f\u00fcr euer Spiel Probleme habt, empfehlen wir euch, euch mit dem Ersteller in Verbindung zu setzen, zum Beispiel indem ihr einen Kommentar auf seiner Seite auf mod.io hinterlasst. Einige Mods sind m\u00f6glicherweise nicht miteinander kompatibel oder haben bekannte Probleme &#8211; dies wird manchmal auch direkt in der Beschreibung der Mod erw\u00e4hnt.[\/vc_column_text][\/vc_column][vc_column width=&#8221;1\/6&#8243;][\/vc_column][\/vc_row][vc_row][vc_column width=&#8221;1\/12&#8243;][\/vc_column][vc_column width=&#8221;4\/6&#8243;]\n        <div class=\"header-margin\"><\/div>\n        [\/vc_column][vc_column width=&#8221;1\/6&#8243;][\/vc_column][\/vc_row]<\/p>\n<\/div>","protected":false},"excerpt":{"rendered":"<p>[vc_row][vc_column width=&#8221;1\/12&#8243;][\/vc_column][vc_column width=&#8221;4\/6&#8243;][\/vc_column][vc_column width=&#8221;1\/6&#8243;][\/vc_column][\/vc_row][vc_row][vc_column width=&#8221;1\/12&#8243;][\/vc_column][vc_column width=&#8221;4\/6&#8243;][\/vc_column][vc_column width=&#8221;1\/6&#8243;][\/vc_column][\/vc_row][vc_row css=&#8221;.vc_custom_1690557178396{margin-bottom: 25px !important;}&#8221;][vc_column width=&#8221;1\/12&#8243;][\/vc_column][vc_column width=&#8221;4\/6&#8243;][vc_column_text]F: Was ist mod.io und wie profitieren die Spieler von Anno 1800 davon? mod.io ist eine Plattform f\u00fcr benutzergenerierte Inhalte (User Generated Content = UGC), die das Einreichen, Bereitstellen und den Zugang zu von Spielern erstellten Anno 1800-Mods f\u00fcr PC-Spieler \u00fcber Ubisoft Connect, Steam [&hellip;]<\/p>\n","protected":false},"author":34684,"featured_media":0,"parent":0,"menu_order":0,"comment_status":"closed","ping_status":"closed","template":"","meta":{"_acf_changed":false,"footnotes":""},"acf":[],"yoast_head":"<!-- This site is optimized with the Yoast SEO Premium plugin v22.8 (Yoast SEO v22.8) - https:\/\/yoast.com\/wordpress\/plugins\/seo\/ -->\n<title>Anno 1800 x mod.io - Mod Support FAQ - Anno Union<\/title>\n<meta name=\"robots\" content=\"index, follow, max-snippet:-1, max-image-preview:large, max-video-preview:-1\" \/>\n<link rel=\"canonical\" href=\"https:\/\/www.anno-union.com\/de\/anno-1800-x-mod-io-mod-support-faq\/\" \/>\n<meta property=\"og:locale\" content=\"de_DE\" \/>\n<meta property=\"og:type\" content=\"article\" \/>\n<meta property=\"og:title\" content=\"Anno 1800 x mod.io - Mod Support FAQ\" \/>\n<meta property=\"og:description\" content=\"[vc_row][vc_column width=&#8221;1\/12&#8243;][\/vc_column][vc_column width=&#8221;4\/6&#8243;][\/vc_column][vc_column width=&#8221;1\/6&#8243;][\/vc_column][\/vc_row][vc_row][vc_column width=&#8221;1\/12&#8243;][\/vc_column][vc_column width=&#8221;4\/6&#8243;][\/vc_column][vc_column width=&#8221;1\/6&#8243;][\/vc_column][\/vc_row][vc_row css=&#8221;.vc_custom_1690557178396{margin-bottom: 25px !important;}&#8221;][vc_column width=&#8221;1\/12&#8243;][\/vc_column][vc_column width=&#8221;4\/6&#8243;][vc_column_text]F: Was ist mod.io und wie profitieren die Spieler von Anno 1800 davon? mod.io ist eine Plattform f\u00fcr benutzergenerierte Inhalte (User Generated Content = UGC), die das Einreichen, Bereitstellen und den Zugang zu von Spielern erstellten Anno 1800-Mods f\u00fcr PC-Spieler \u00fcber Ubisoft Connect, Steam [&hellip;]\" \/>\n<meta property=\"og:url\" content=\"https:\/\/www.anno-union.com\/de\/anno-1800-x-mod-io-mod-support-faq\/\" \/>\n<meta property=\"og:site_name\" content=\"Anno Union\" \/>\n<meta property=\"article:modified_time\" content=\"2023-08-28T09:37:03+00:00\" \/>\n<meta property=\"og:image\" content=\"https:\/\/www.anno-union.com\/\/content\/uploads\/2023\/07\/modding-FAQ-breaker-2.jpg\" \/>\n<meta name=\"twitter:card\" content=\"summary_large_image\" \/>\n<meta name=\"twitter:label1\" content=\"Est. reading time\" \/>\n\t<meta name=\"twitter:data1\" content=\"5 minutes\" \/>\n<script type=\"application\/ld+json\" class=\"yoast-schema-graph\">{\"@context\":\"https:\/\/schema.org\",\"@graph\":[{\"@type\":\"WebPage\",\"@id\":\"https:\/\/www.anno-union.com\/de\/anno-1800-x-mod-io-mod-support-faq\/\",\"url\":\"https:\/\/www.anno-union.com\/de\/anno-1800-x-mod-io-mod-support-faq\/\",\"name\":\"Anno 1800 x mod.io - Mod Support FAQ - Anno Union\",\"isPartOf\":{\"@id\":\"https:\/\/www.anno-union.com\/#website\"},\"primaryImageOfPage\":{\"@id\":\"https:\/\/www.anno-union.com\/de\/anno-1800-x-mod-io-mod-support-faq\/#primaryimage\"},\"image\":{\"@id\":\"https:\/\/www.anno-union.com\/de\/anno-1800-x-mod-io-mod-support-faq\/#primaryimage\"},\"thumbnailUrl\":\"https:\/\/www.anno-union.com\/\/content\/uploads\/2023\/07\/modding-FAQ-breaker-2.jpg\",\"datePublished\":\"2023-08-01T13:38:20+00:00\",\"dateModified\":\"2023-08-28T09:37:03+00:00\",\"breadcrumb\":{\"@id\":\"https:\/\/www.anno-union.com\/de\/anno-1800-x-mod-io-mod-support-faq\/#breadcrumb\"},\"inLanguage\":\"de-DE\",\"potentialAction\":[{\"@type\":\"ReadAction\",\"target\":[\"https:\/\/www.anno-union.com\/de\/anno-1800-x-mod-io-mod-support-faq\/\"]}]},{\"@type\":\"ImageObject\",\"inLanguage\":\"de-DE\",\"@id\":\"https:\/\/www.anno-union.com\/de\/anno-1800-x-mod-io-mod-support-faq\/#primaryimage\",\"url\":\"https:\/\/www.anno-union.com\/\/content\/uploads\/2023\/07\/modding-FAQ-breaker-2.jpg\",\"contentUrl\":\"https:\/\/www.anno-union.com\/\/content\/uploads\/2023\/07\/modding-FAQ-breaker-2.jpg\"},{\"@type\":\"BreadcrumbList\",\"@id\":\"https:\/\/www.anno-union.com\/de\/anno-1800-x-mod-io-mod-support-faq\/#breadcrumb\",\"itemListElement\":[{\"@type\":\"ListItem\",\"position\":1,\"name\":\"Startseite\",\"item\":\"https:\/\/www.anno-union.com\/de\/\"},{\"@type\":\"ListItem\",\"position\":2,\"name\":\"Anno 1800 x mod.io &#8211; Mod Support FAQ\"}]},{\"@type\":\"WebSite\",\"@id\":\"https:\/\/www.anno-union.com\/#website\",\"url\":\"https:\/\/www.anno-union.com\/\",\"name\":\"Anno Union\",\"description\":\"\",\"potentialAction\":[{\"@type\":\"SearchAction\",\"target\":{\"@type\":\"EntryPoint\",\"urlTemplate\":\"https:\/\/www.anno-union.com\/?s={search_term_string}\"},\"query-input\":\"required name=search_term_string\"}],\"inLanguage\":\"de-DE\"}]}<\/script>\n<!-- \/ Yoast SEO Premium plugin. -->","yoast_head_json":{"title":"Anno 1800 x mod.io - Mod Support FAQ - Anno Union","robots":{"index":"index","follow":"follow","max-snippet":"max-snippet:-1","max-image-preview":"max-image-preview:large","max-video-preview":"max-video-preview:-1"},"canonical":"https:\/\/www.anno-union.com\/de\/anno-1800-x-mod-io-mod-support-faq\/","og_locale":"de_DE","og_type":"article","og_title":"Anno 1800 x mod.io - Mod Support FAQ","og_description":"[vc_row][vc_column width=&#8221;1\/12&#8243;][\/vc_column][vc_column width=&#8221;4\/6&#8243;][\/vc_column][vc_column width=&#8221;1\/6&#8243;][\/vc_column][\/vc_row][vc_row][vc_column width=&#8221;1\/12&#8243;][\/vc_column][vc_column width=&#8221;4\/6&#8243;][\/vc_column][vc_column width=&#8221;1\/6&#8243;][\/vc_column][\/vc_row][vc_row css=&#8221;.vc_custom_1690557178396{margin-bottom: 25px !important;}&#8221;][vc_column width=&#8221;1\/12&#8243;][\/vc_column][vc_column width=&#8221;4\/6&#8243;][vc_column_text]F: Was ist mod.io und wie profitieren die Spieler von Anno 1800 davon? mod.io ist eine Plattform f\u00fcr benutzergenerierte Inhalte (User Generated Content = UGC), die das Einreichen, Bereitstellen und den Zugang zu von Spielern erstellten Anno 1800-Mods f\u00fcr PC-Spieler \u00fcber Ubisoft Connect, Steam [&hellip;]","og_url":"https:\/\/www.anno-union.com\/de\/anno-1800-x-mod-io-mod-support-faq\/","og_site_name":"Anno Union","article_modified_time":"2023-08-28T09:37:03+00:00","og_image":[{"url":"https:\/\/www.anno-union.com\/\/content\/uploads\/2023\/07\/modding-FAQ-breaker-2.jpg"}],"twitter_card":"summary_large_image","twitter_misc":{"Est. reading time":"5 minutes"},"schema":{"@context":"https:\/\/schema.org","@graph":[{"@type":"WebPage","@id":"https:\/\/www.anno-union.com\/de\/anno-1800-x-mod-io-mod-support-faq\/","url":"https:\/\/www.anno-union.com\/de\/anno-1800-x-mod-io-mod-support-faq\/","name":"Anno 1800 x mod.io - Mod Support FAQ - Anno Union","isPartOf":{"@id":"https:\/\/www.anno-union.com\/#website"},"primaryImageOfPage":{"@id":"https:\/\/www.anno-union.com\/de\/anno-1800-x-mod-io-mod-support-faq\/#primaryimage"},"image":{"@id":"https:\/\/www.anno-union.com\/de\/anno-1800-x-mod-io-mod-support-faq\/#primaryimage"},"thumbnailUrl":"https:\/\/www.anno-union.com\/\/content\/uploads\/2023\/07\/modding-FAQ-breaker-2.jpg","datePublished":"2023-08-01T13:38:20+00:00","dateModified":"2023-08-28T09:37:03+00:00","breadcrumb":{"@id":"https:\/\/www.anno-union.com\/de\/anno-1800-x-mod-io-mod-support-faq\/#breadcrumb"},"inLanguage":"de-DE","potentialAction":[{"@type":"ReadAction","target":["https:\/\/www.anno-union.com\/de\/anno-1800-x-mod-io-mod-support-faq\/"]}]},{"@type":"ImageObject","inLanguage":"de-DE","@id":"https:\/\/www.anno-union.com\/de\/anno-1800-x-mod-io-mod-support-faq\/#primaryimage","url":"https:\/\/www.anno-union.com\/\/content\/uploads\/2023\/07\/modding-FAQ-breaker-2.jpg","contentUrl":"https:\/\/www.anno-union.com\/\/content\/uploads\/2023\/07\/modding-FAQ-breaker-2.jpg"},{"@type":"BreadcrumbList","@id":"https:\/\/www.anno-union.com\/de\/anno-1800-x-mod-io-mod-support-faq\/#breadcrumb","itemListElement":[{"@type":"ListItem","position":1,"name":"Startseite","item":"https:\/\/www.anno-union.com\/de\/"},{"@type":"ListItem","position":2,"name":"Anno 1800 x mod.io &#8211; Mod Support FAQ"}]},{"@type":"WebSite","@id":"https:\/\/www.anno-union.com\/#website","url":"https:\/\/www.anno-union.com\/","name":"Anno Union","description":"","potentialAction":[{"@type":"SearchAction","target":{"@type":"EntryPoint","urlTemplate":"https:\/\/www.anno-union.com\/?s={search_term_string}"},"query-input":"required name=search_term_string"}],"inLanguage":"de-DE"}]}},"_links":{"self":[{"href":"https:\/\/www.anno-union.com\/de\/wp-json\/wp\/v2\/pages\/18362"}],"collection":[{"href":"https:\/\/www.anno-union.com\/de\/wp-json\/wp\/v2\/pages"}],"about":[{"href":"https:\/\/www.anno-union.com\/de\/wp-json\/wp\/v2\/types\/page"}],"author":[{"embeddable":true,"href":"https:\/\/www.anno-union.com\/de\/wp-json\/wp\/v2\/users\/34684"}],"replies":[{"embeddable":true,"href":"https:\/\/www.anno-union.com\/de\/wp-json\/wp\/v2\/comments?post=18362"}],"version-history":[{"count":0,"href":"https:\/\/www.anno-union.com\/de\/wp-json\/wp\/v2\/pages\/18362\/revisions"}],"wp:attachment":[{"href":"https:\/\/www.anno-union.com\/de\/wp-json\/wp\/v2\/media?parent=18362"}],"curies":[{"name":"wp","href":"https:\/\/api.w.org\/{rel}","templated":true}]}}