{"id":15081,"date":"2021-07-01T16:37:14","date_gmt":"2021-07-01T14:37:14","guid":{"rendered":"https:\/\/staging.anno-union.com\/?page_id=15081"},"modified":"2025-07-29T11:07:16","modified_gmt":"2025-07-29T09:07:16","slug":"community","status":"publish","type":"page","link":"https:\/\/www.anno-union.com\/de\/community\/","title":{"rendered":"Community"},"content":{"rendered":"<div class=\"wpb-content-wrapper\"><p>[vc_row][vc_column width=&#8221;1\/12&#8243;][\/vc_column][vc_column width=&#8221;4\/6&#8243;]<div class=\"container\"><div class=\"row\"><div class=\"col-sm-12 breadcrumbs-container\"><\/div><\/div><\/div>\n            <section class=\"studios-games-heading\">\n                <div class=\"container\">\n                    <div class=\"row\">\n                        <div class=\"col-md-8\">\n                            <h2 class=\"h2\">Community<\/h2>\n                        <\/div>\n                        <div class=\"col-md-4\">\n                            <p>Die Community - ihr - war schon immer nicht nur eine der S\u00e4ulen von Annos Erfolg sondern stets auch eine Quelle der Inspiration und Motivation f\u00fcr uns hier bei Ubisoft Mainz. Die Anno Union steht dabei als Zeichen f\u00fcr die Wichtigkeit unserer Community f\u00fcr unsere Projekte. Grund genug, dem eine eigene Seite zu widmen - als Ressource f\u00fcr euch und als Dankesch\u00f6n von uns an euch.<\/p>\n                        <\/div>\n                    <\/div>\n                <\/div>\n          <\/section>[vc_column_text]Auf dieser Seite findet ihr Links zu allen unseren offiziellen Kan\u00e4len, sowie Download-Links f\u00fcr offizielle Wallpaper-Packs und Concept Art. Viel wichtiger, allerdings, ist, dass wir auf dieser Seite all die fantastischen von euch erstellten Inhalte verlinken, wie zum Beispiel Websiten, Community-Plattformen, auf denen ihr euch mit anderen Annoholikern austauschen k\u00f6nnt und n\u00fctzliche Programme und Tools wie Warenrechner und Layout-Designer.<\/p>\n<p>&nbsp;<\/p>\n<p>&nbsp;<\/p>\n<p><strong><em>*Bitte beachtet, dass der Besuch von hier verlinkten Websiten, die nicht zu Ubisoft geh\u00f6ren, auf eigene Gefahr geschieht. Wir \u00fcbernehmen keine Haftung f\u00fcr die Inhalte, die auf diesen Website oder Plattformen ver\u00f6ffentlicht werden.<\/em><\/strong>[\/vc_column_text][vc_column_text css=&#8221;.vc_custom_1624961139002{margin-top: 70px !important;margin-bottom: 30px !important;}&#8221;]<a href=\"https:\/\/www.anno-union.com\/\/content\/uploads\/2021\/06\/Breaker_DE_offizielle_ressourcen.jpg\"><img loading=\"lazy\" decoding=\"async\" class=\"aligncenter wp-image-14863 size-full\" src=\"https:\/\/www.anno-union.com\/\/content\/uploads\/2021\/06\/Breaker_DE_offizielle_ressourcen.jpg\" alt=\"\" width=\"1200\" height=\"71\" srcset=\"https:\/\/www.anno-union.com\/wp\/wp-content\/uploads\/2021\/06\/Breaker_DE_offizielle_ressourcen.jpg 1200w, https:\/\/www.anno-union.com\/wp\/wp-content\/uploads\/2021\/06\/Breaker_DE_offizielle_ressourcen-300x18.jpg 300w, https:\/\/www.anno-union.com\/wp\/wp-content\/uploads\/2021\/06\/Breaker_DE_offizielle_ressourcen-768x45.jpg 768w\" sizes=\"(max-width: 1200px) 100vw, 1200px\" \/><\/a>[\/vc_column_text][vc_column_text]<strong>Anno Social-Kan\u00e4le<\/strong><\/p>\n<ul>\n<li><a href=\"https:\/\/twitter.com\/ANNO_DE\">Twitter<\/a><\/li>\n<li><a href=\"https:\/\/www.facebook.com\/annode\">Facebook<\/a><\/li>\n<li><a href=\"https:\/\/www.twitch.tv\/ubisoftbluebyte\">Twitch Kanal<\/a><\/li>\n<\/ul>\n<p><strong>Wallpaper Download<\/strong><\/p>\n<ul>\n<li><a href=\"https:\/\/static-wordpress.akamaized.net\/anno-union.com\/wp-content\/Anno_1800_Wallpapers_2022.zip\">Anno 1800 Wallpaper<\/a><\/li>\n<\/ul>\n<p><strong>Soundtrack<\/strong><\/p>\n<ul>\n<li><a href=\"https:\/\/idol.lnk.to\/Anno_1800\">Anno 1800 Soundtrack (Hauptspiel)<\/a><\/li>\n<li><a href=\"https:\/\/idol.lnk.to\/Anno1800_OST\">Anno 1800 Soundtrack (DLC)<\/a><\/li>\n<\/ul>\n<p><strong>Andere<\/strong><\/p>\n<ul>\n<li>Anno im <a href=\"https:\/\/store.ubi.com\/anno-all-games\">Ubisoft Store<\/a><\/li>\n<li>Anno im <a href=\"https:\/\/www.epicgames.com\/store\/p\/anno-1800\">Epic Store<\/a><\/li>\n<li>Anno im <a href=\"https:\/\/store.steampowered.com\/app\/916440\/Anno_1800\/\">Steam Store<\/a><\/li>\n<li>Ubisoft Support f\u00fcr technische Probleme, Bugmeldungen und Account-Probleme: <a href=\"https:\/\/support.ubisoft.com\/\">Chat\/Ticket<\/a>, <a href=\"https:\/\/discord.gg\/ubisoftofficial\">Discord<\/a>, <a href=\"https:\/\/twitter.com\/UbiSupportDE\">Twitter<\/a>, <a href=\"https:\/\/www.facebook.com\/UbisoftSupportDE\">Facebook<\/a><\/li>\n<\/ul>\n<p>[\/vc_column_text][\/vc_column][vc_column width=&#8221;1\/6&#8243;][\/vc_column][\/vc_row][vc_row][vc_column width=&#8221;1\/12&#8243;][\/vc_column][vc_column width=&#8221;4\/6&#8243;][vc_column_text css=&#8221;.vc_custom_1624961162632{margin-top: 40px !important;margin-bottom: 40px !important;}&#8221;]<a href=\"https:\/\/www.anno-union.com\/\/content\/uploads\/2021\/06\/Breaker_DE_community_plattformen.jpg\"><img loading=\"lazy\" decoding=\"async\" class=\"aligncenter wp-image-14859 size-full\" src=\"https:\/\/www.anno-union.com\/\/content\/uploads\/2021\/06\/Breaker_DE_community_plattformen.jpg\" alt=\"\" width=\"1200\" height=\"71\" srcset=\"https:\/\/www.anno-union.com\/wp\/wp-content\/uploads\/2021\/06\/Breaker_DE_community_plattformen.jpg 1200w, https:\/\/www.anno-union.com\/wp\/wp-content\/uploads\/2021\/06\/Breaker_DE_community_plattformen-300x18.jpg 300w, https:\/\/www.anno-union.com\/wp\/wp-content\/uploads\/2021\/06\/Breaker_DE_community_plattformen-768x45.jpg 768w\" sizes=\"(max-width: 1200px) 100vw, 1200px\" \/><\/a>[\/vc_column_text]\n      <section class=\"about-us-people\">\n        <div class=\"container\">\n          <div class=\"row\">\n            \n          <div class=\"col-md-4\">\n            <a href=\"#\"><img decoding=\"async\" src=\"https:\/\/www.anno-union.com\/wp\/wp-content\/uploads\/2021\/06\/annoverse.png.jpg\" alt=\"\"\/><\/a>\n\n            <h4 class=\"h4\">Annoverse<\/h4>\n            <p class=\"about-us-people-title\">Das Annoverse ist ein Discord-Server, der von Fans erstellt und verwaltet wird. Der Ort, um alle Anno-Titel zu diskutieren, Leute f\u00fcr Multiplayer-Partien zu finden oder einfach ein bisschen Smalltalk mit ein paar von uns aus dem Anno-Team zu halten.<\/p>\n\n            <div class=\"cta berlin\"><\/div>\n\n            <div class=\"row about-us-people-places\">\n              <div class=\"col-6\">\n                <div><a href=\"https:\/\/discord.gg\/V4xhZ8Z\"><u>Hier gehts zu Discord <\/u><\/a><\/div>\n              <\/div>\n\n              <div class=\"col-6\">\n                \n              <\/div>\n            <\/div>\n          <\/div>\n        \n          <div class=\"col-md-4\">\n            <a href=\"#\"><img decoding=\"async\" src=\"https:\/\/www.anno-union.com\/wp\/wp-content\/uploads\/2021\/06\/subreddit-1.jpg\" alt=\"\"\/><\/a>\n\n            <h4 class=\"h4\">Anno Subreddit<\/h4>\n            <p class=\"about-us-people-title\">Mit \u00fcber 80.000 Mitgliedern ist das Anno Subreddit ein toller Ort, um Screenshots zu teilen, Layouts zu diskutieren und all die Fragen, die euch in den Sinn kommen, an die Anno Community zu stellen.<\/p>\n\n            <div class=\"cta berlin\"><\/div>\n\n            <div class=\"row about-us-people-places\">\n              <div class=\"col-6\">\n                <div><a href=\"https:\/\/www.reddit.com\/r\/anno\/\"><u>Hier gehts zum Subreddit <\/u><\/a><\/div>\n              <\/div>\n\n              <div class=\"col-6\">\n                \n              <\/div>\n            <\/div>\n          <\/div>\n        \n          <\/div>\n        <\/div>\n      <\/section>\n    [vc_column_text]<\/p>\n<h1>Andere Community-Plattformen<\/h1>\n<ul>\n<li><a href=\"https:\/\/discord.gg\/M8Re4ZmPX3\"><strong>Anno 1800 Modding Discord<\/strong><\/a><br \/>\nW\u00e4hrend das Nutzen von Mods auf eigene Gefahr geschieht, findet ihr auf diesem Discord Leue, mit denen ihr euch zum Thema Mods austauschen und bei Fragen und Problemen Hilfe erhalten k\u00f6nnt.<\/li>\n<\/ul>\n<p>&nbsp;<\/p>\n<ul>\n<li><a href=\"https:\/\/discord.gg\/JJpHWRB\"><strong>Anno Designer Discord<\/strong><\/a><br \/>\nDer Ort f\u00fcr Diskussionen zum Anno Designer, ein Programm, das wir auch unterhalb in der n\u00e4chsten Sektion verlinkt haben.<\/li>\n<\/ul>\n<p>[\/vc_column_text][\/vc_column][vc_column width=&#8221;1\/6&#8243;][\/vc_column][\/vc_row][vc_row][vc_column width=&#8221;1\/12&#8243;][\/vc_column][vc_column width=&#8221;4\/6&#8243;][vc_column_text css=&#8221;.vc_custom_1624961183451{margin-top: 40px !important;margin-bottom: 20px !important;}&#8221;]<a href=\"https:\/\/www.anno-union.com\/\/content\/uploads\/2021\/06\/Breaker_DE_community_ressourcen.jpg\"><img loading=\"lazy\" decoding=\"async\" class=\"aligncenter wp-image-14861 size-full\" src=\"https:\/\/www.anno-union.com\/\/content\/uploads\/2021\/06\/Breaker_DE_community_ressourcen.jpg\" alt=\"\" width=\"1200\" height=\"71\" srcset=\"https:\/\/www.anno-union.com\/wp\/wp-content\/uploads\/2021\/06\/Breaker_DE_community_ressourcen.jpg 1200w, https:\/\/www.anno-union.com\/wp\/wp-content\/uploads\/2021\/06\/Breaker_DE_community_ressourcen-300x18.jpg 300w, https:\/\/www.anno-union.com\/wp\/wp-content\/uploads\/2021\/06\/Breaker_DE_community_ressourcen-768x45.jpg 768w\" sizes=\"(max-width: 1200px) 100vw, 1200px\" \/><\/a>[\/vc_column_text][vc_column_text]<\/p>\n<ul>\n<li><a href=\"https:\/\/anno1800wiki.fandom.com\/de\/wiki\/Anno1800_Wiki_Deutsch_Wiki\"><strong>The Anno 1800 Wiki<\/strong><\/a><br \/>\nVermutlich der beste Ort, um Infos zu Anno 1800s Featuren und Mechaniken nachzuschlagen. Aktualisiert und erweitert bei einer kleinen Gruppe von Community-Mitgliedern ist diese Seite ideal f\u00fcr neue Spieler, um Antworten zu diversen Fragen zu finden und f\u00fcr Veteranen, um dort ihr Wissen \u00fcber das Spiel mit dem Rest der Spielerschaft zu teilen.\u00a0\u00a0<em>(Die Seite ist auch auf Englisch verf\u00fcgbar)<\/em><\/li>\n<\/ul>\n<p>&nbsp;<\/p>\n<ul>\n<li><a href=\"https:\/\/1800.annowiki.de\/index.php?title=Hauptseite\"><strong>Und noch ein Anno Wiki<\/strong><\/a><br \/>\nAlternativ k\u00f6nnt ihr auch dieses Wiki f\u00fcr Details zu Anno 1800 besuchen. Diese Seite b\u00fcndelt hierbei Wiki-Bereiche f\u00fcr (fast) alle Anno Spiele. Ihr k\u00f6nnt so also auch fix Infos zu Anno 1404 oder Anno 2070 finden.<\/li>\n<\/ul>\n<p>&nbsp;<\/p>\n<ul>\n<li><a href=\"https:\/\/anno1800.fandom.com\/wiki\/Anno_1800_Needs_Calculators_Overview\"><strong>Diverse Waren- und Bev\u00f6lkerungsrechner<\/strong><\/a><br \/>\n\u00dcber die letzten Jahre haben unterschiedliche Community-Mitglieder diverse Rechner erstellt und mit jedem Update aktualisiert. Diese Rechner sind eine gro\u00dfe Hilfe dabei, herauszufinden, wie viele Produktionsgeb\u00e4ude ihr f\u00fcr eine bestimmte Bev\u00f6lkerungszahl braucht, ohne Platz, Geld und Ressourcen zu verschwenden. Folgt dem obigen Link f\u00fcr eine \u00dcbersicht der aktuellsten Rechner und ihren jeweiligen Features.<\/li>\n<\/ul>\n<p>&nbsp;<\/p>\n<ul>\n<li><a href=\"https:\/\/www.annolayouts.de\/index.htm?lang=en\"><strong>Annolayouts<\/strong><\/a><br \/>\nEin bisschen was von allem: Diese Website bietet nicht nur effiziente Layouts f\u00fcr alle Produktionsketten, sondern auch Infos zu allen Items, den Import-Waren der Speicherstadt sowie zu den Monumenten und ihren jeweiligen Funktionen, wie zum Beispiel den Forschungsprojekten und den Optionen der Weltausstellung.<\/li>\n<\/ul>\n<p>&nbsp;<\/p>\n<ul>\n<li><a href=\"https:\/\/github.com\/AnnoDesigner\/anno-designer\/releases\"><strong>Anno Designer<\/strong><\/a><br \/>\nWenn wir schon \u00fcber Layouts sprechen, um mit diversen Layouts herumzuspielen, sei es f\u00fcr Effizienz oder Sch\u00f6nbau, um das meiste aus dem begrenzten Bauplatz eurer Inseln zu machen, ist der Anno Designer ein sehr praktisches Programm. Ladet es herunter, entpackt es, und startet es \u00fcber die .exe Datei.<\/li>\n<\/ul>\n<p>&nbsp;<\/p>\n<ul>\n<li><a href=\"https:\/\/www.speedrun.com\/anno_1800\"><strong>Anno Speedruns<\/strong><\/a><br \/>\nOb ihrs glaubt oder nicht, aber auf &#8220;speedrun.com&#8221; gibt es eine dedizierte Sektion f\u00fcr Anno 1800 Speedruns. Wenn ihr versuchen wollt, einen bestehenden Rekord zu brechen oder gar schon einen eigenen aufgestellt habt &#8211; stellt ihn dort doch f\u00fcr die Nachwelt und ein wenig Internetruhm ein.<\/li>\n<\/ul>\n<p>&nbsp;<\/p>\n<ul>\n<li><a href=\"https:\/\/github.com\/Miraak7000\/AssetViewer\/releases\"><strong>Anno 1800 Asset Viewer<\/strong><\/a><br \/>\nEin weiteres n\u00fctzliches Programm, wenn ihr Infos nicht direkt im Spiel nachschlagen wollt oder k\u00f6nnt &#8211; beispielsweise weil ihr bestimmte Geb\u00e4ude noch nicht freigeschaltet habt &#8211; ist der Asset Viewer. Hier k\u00f6nnt ihr alle Items und Geb\u00e4ude aus Anno 1800 nachschlagen, zusammen mit ihren Daten und Boni.<\/li>\n<\/ul>\n<p>[\/vc_column_text][\/vc_column][vc_column width=&#8221;1\/6&#8243;][\/vc_column][\/vc_row][vc_row][vc_column width=&#8221;1\/12&#8243;][\/vc_column][vc_column width=&#8221;4\/6&#8243;]<div class=\"container\"><div class=\"row\"><div class=\"col-sm-12 breadcrumbs-container\"><\/div><\/div><\/div>[\/vc_column][vc_column width=&#8221;1\/6&#8243;][\/vc_column][\/vc_row]<\/p>\n<\/div>","protected":false},"excerpt":{"rendered":"<p>[vc_row][vc_column width=&#8221;1\/12&#8243;][\/vc_column][vc_column width=&#8221;4\/6&#8243;][vc_column_text]Auf dieser Seite findet ihr Links zu allen unseren offiziellen Kan\u00e4len, sowie Download-Links f\u00fcr offizielle Wallpaper-Packs und Concept Art. Viel wichtiger, allerdings, ist, dass wir auf dieser Seite all die fantastischen von euch erstellten Inhalte verlinken, wie zum Beispiel Websiten, Community-Plattformen, auf denen ihr euch mit anderen Annoholikern austauschen k\u00f6nnt und n\u00fctzliche Programme [&hellip;]<\/p>\n","protected":false},"author":34684,"featured_media":0,"parent":0,"menu_order":0,"comment_status":"closed","ping_status":"closed","template":"","meta":{"_acf_changed":false,"footnotes":""},"acf":[],"yoast_head":"<!-- This site is optimized with the Yoast SEO Premium plugin v22.8 (Yoast SEO v22.8) - https:\/\/yoast.com\/wordpress\/plugins\/seo\/ -->\n<title>Community - Anno Union<\/title>\n<meta name=\"robots\" content=\"index, follow, max-snippet:-1, max-image-preview:large, max-video-preview:-1\" \/>\n<link rel=\"canonical\" href=\"https:\/\/www.anno-union.com\/de\/community\/\" \/>\n<meta property=\"og:locale\" content=\"de_DE\" \/>\n<meta property=\"og:type\" content=\"article\" \/>\n<meta property=\"og:title\" content=\"Community\" \/>\n<meta property=\"og:description\" content=\"[vc_row][vc_column width=&#8221;1\/12&#8243;][\/vc_column][vc_column width=&#8221;4\/6&#8243;][vc_column_text]Auf dieser Seite findet ihr Links zu allen unseren offiziellen Kan\u00e4len, sowie Download-Links f\u00fcr offizielle Wallpaper-Packs und Concept Art. Viel wichtiger, allerdings, ist, dass wir auf dieser Seite all die fantastischen von euch erstellten Inhalte verlinken, wie zum Beispiel Websiten, Community-Plattformen, auf denen ihr euch mit anderen Annoholikern austauschen k\u00f6nnt und n\u00fctzliche Programme [&hellip;]\" \/>\n<meta property=\"og:url\" content=\"https:\/\/www.anno-union.com\/de\/community\/\" \/>\n<meta property=\"og:site_name\" content=\"Anno Union\" \/>\n<meta property=\"article:modified_time\" content=\"2025-07-29T09:07:16+00:00\" \/>\n<meta property=\"og:image\" content=\"https:\/\/www.anno-union.com\/\/content\/uploads\/2021\/06\/Breaker_DE_offizielle_ressourcen.jpg\" \/>\n<meta name=\"twitter:card\" content=\"summary_large_image\" \/>\n<meta name=\"twitter:label1\" content=\"Est. reading time\" \/>\n\t<meta name=\"twitter:data1\" content=\"4 minutes\" \/>\n<script type=\"application\/ld+json\" class=\"yoast-schema-graph\">{\"@context\":\"https:\/\/schema.org\",\"@graph\":[{\"@type\":\"WebPage\",\"@id\":\"https:\/\/www.anno-union.com\/de\/community\/\",\"url\":\"https:\/\/www.anno-union.com\/de\/community\/\",\"name\":\"Community - Anno Union\",\"isPartOf\":{\"@id\":\"https:\/\/www.anno-union.com\/#website\"},\"primaryImageOfPage\":{\"@id\":\"https:\/\/www.anno-union.com\/de\/community\/#primaryimage\"},\"image\":{\"@id\":\"https:\/\/www.anno-union.com\/de\/community\/#primaryimage\"},\"thumbnailUrl\":\"https:\/\/www.anno-union.com\/\/content\/uploads\/2021\/06\/Breaker_DE_offizielle_ressourcen.jpg\",\"datePublished\":\"2021-07-01T14:37:14+00:00\",\"dateModified\":\"2025-07-29T09:07:16+00:00\",\"breadcrumb\":{\"@id\":\"https:\/\/www.anno-union.com\/de\/community\/#breadcrumb\"},\"inLanguage\":\"de-DE\",\"potentialAction\":[{\"@type\":\"ReadAction\",\"target\":[\"https:\/\/www.anno-union.com\/de\/community\/\"]}]},{\"@type\":\"ImageObject\",\"inLanguage\":\"de-DE\",\"@id\":\"https:\/\/www.anno-union.com\/de\/community\/#primaryimage\",\"url\":\"https:\/\/www.anno-union.com\/\/content\/uploads\/2021\/06\/Breaker_DE_offizielle_ressourcen.jpg\",\"contentUrl\":\"https:\/\/www.anno-union.com\/\/content\/uploads\/2021\/06\/Breaker_DE_offizielle_ressourcen.jpg\"},{\"@type\":\"BreadcrumbList\",\"@id\":\"https:\/\/www.anno-union.com\/de\/community\/#breadcrumb\",\"itemListElement\":[{\"@type\":\"ListItem\",\"position\":1,\"name\":\"Startseite\",\"item\":\"https:\/\/www.anno-union.com\/de\/\"},{\"@type\":\"ListItem\",\"position\":2,\"name\":\"Community\"}]},{\"@type\":\"WebSite\",\"@id\":\"https:\/\/www.anno-union.com\/#website\",\"url\":\"https:\/\/www.anno-union.com\/\",\"name\":\"Anno Union\",\"description\":\"\",\"potentialAction\":[{\"@type\":\"SearchAction\",\"target\":{\"@type\":\"EntryPoint\",\"urlTemplate\":\"https:\/\/www.anno-union.com\/?s={search_term_string}\"},\"query-input\":\"required name=search_term_string\"}],\"inLanguage\":\"de-DE\"}]}<\/script>\n<!-- \/ Yoast SEO Premium plugin. -->","yoast_head_json":{"title":"Community - Anno Union","robots":{"index":"index","follow":"follow","max-snippet":"max-snippet:-1","max-image-preview":"max-image-preview:large","max-video-preview":"max-video-preview:-1"},"canonical":"https:\/\/www.anno-union.com\/de\/community\/","og_locale":"de_DE","og_type":"article","og_title":"Community","og_description":"[vc_row][vc_column width=&#8221;1\/12&#8243;][\/vc_column][vc_column width=&#8221;4\/6&#8243;][vc_column_text]Auf dieser Seite findet ihr Links zu allen unseren offiziellen Kan\u00e4len, sowie Download-Links f\u00fcr offizielle Wallpaper-Packs und Concept Art. Viel wichtiger, allerdings, ist, dass wir auf dieser Seite all die fantastischen von euch erstellten Inhalte verlinken, wie zum Beispiel Websiten, Community-Plattformen, auf denen ihr euch mit anderen Annoholikern austauschen k\u00f6nnt und n\u00fctzliche Programme [&hellip;]","og_url":"https:\/\/www.anno-union.com\/de\/community\/","og_site_name":"Anno Union","article_modified_time":"2025-07-29T09:07:16+00:00","og_image":[{"url":"https:\/\/www.anno-union.com\/\/content\/uploads\/2021\/06\/Breaker_DE_offizielle_ressourcen.jpg"}],"twitter_card":"summary_large_image","twitter_misc":{"Est. reading time":"4 minutes"},"schema":{"@context":"https:\/\/schema.org","@graph":[{"@type":"WebPage","@id":"https:\/\/www.anno-union.com\/de\/community\/","url":"https:\/\/www.anno-union.com\/de\/community\/","name":"Community - Anno Union","isPartOf":{"@id":"https:\/\/www.anno-union.com\/#website"},"primaryImageOfPage":{"@id":"https:\/\/www.anno-union.com\/de\/community\/#primaryimage"},"image":{"@id":"https:\/\/www.anno-union.com\/de\/community\/#primaryimage"},"thumbnailUrl":"https:\/\/www.anno-union.com\/\/content\/uploads\/2021\/06\/Breaker_DE_offizielle_ressourcen.jpg","datePublished":"2021-07-01T14:37:14+00:00","dateModified":"2025-07-29T09:07:16+00:00","breadcrumb":{"@id":"https:\/\/www.anno-union.com\/de\/community\/#breadcrumb"},"inLanguage":"de-DE","potentialAction":[{"@type":"ReadAction","target":["https:\/\/www.anno-union.com\/de\/community\/"]}]},{"@type":"ImageObject","inLanguage":"de-DE","@id":"https:\/\/www.anno-union.com\/de\/community\/#primaryimage","url":"https:\/\/www.anno-union.com\/\/content\/uploads\/2021\/06\/Breaker_DE_offizielle_ressourcen.jpg","contentUrl":"https:\/\/www.anno-union.com\/\/content\/uploads\/2021\/06\/Breaker_DE_offizielle_ressourcen.jpg"},{"@type":"BreadcrumbList","@id":"https:\/\/www.anno-union.com\/de\/community\/#breadcrumb","itemListElement":[{"@type":"ListItem","position":1,"name":"Startseite","item":"https:\/\/www.anno-union.com\/de\/"},{"@type":"ListItem","position":2,"name":"Community"}]},{"@type":"WebSite","@id":"https:\/\/www.anno-union.com\/#website","url":"https:\/\/www.anno-union.com\/","name":"Anno Union","description":"","potentialAction":[{"@type":"SearchAction","target":{"@type":"EntryPoint","urlTemplate":"https:\/\/www.anno-union.com\/?s={search_term_string}"},"query-input":"required name=search_term_string"}],"inLanguage":"de-DE"}]}},"_links":{"self":[{"href":"https:\/\/www.anno-union.com\/de\/wp-json\/wp\/v2\/pages\/15081"}],"collection":[{"href":"https:\/\/www.anno-union.com\/de\/wp-json\/wp\/v2\/pages"}],"about":[{"href":"https:\/\/www.anno-union.com\/de\/wp-json\/wp\/v2\/types\/page"}],"author":[{"embeddable":true,"href":"https:\/\/www.anno-union.com\/de\/wp-json\/wp\/v2\/users\/34684"}],"replies":[{"embeddable":true,"href":"https:\/\/www.anno-union.com\/de\/wp-json\/wp\/v2\/comments?post=15081"}],"version-history":[{"count":1,"href":"https:\/\/www.anno-union.com\/de\/wp-json\/wp\/v2\/pages\/15081\/revisions"}],"predecessor-version":[{"id":21444,"href":"https:\/\/www.anno-union.com\/de\/wp-json\/wp\/v2\/pages\/15081\/revisions\/21444"}],"wp:attachment":[{"href":"https:\/\/www.anno-union.com\/de\/wp-json\/wp\/v2\/media?parent=15081"}],"curies":[{"name":"wp","href":"https:\/\/api.w.org\/{rel}","templated":true}]}}